{"id":1133,"date":"2020-01-14T15:39:56","date_gmt":"2020-01-14T14:39:56","guid":{"rendered":"https:\/\/server03.blackpixel.se\/~hamilton\/?post_type=product&#038;p=1133"},"modified":"2026-04-06T18:03:41","modified_gmt":"2026-04-06T16:03:41","slug":"kort-midsommarblomster-blommorna-i-sangen","status":"publish","type":"product","link":"https:\/\/katarinahamilton.se\/sv\/produkt\/kort-midsommarblomster-blommorna-i-sangen\/","title":{"rendered":"kort m kuvert: &#8220;Midsommarblomster&#8221; bl\u00e5 botten"},"content":{"rendered":"","protected":false},"excerpt":{"rendered":"<p>&#8220;Midsommarnatten plockar jag kl\u00f6ver och timotej, karibacka och \u00e4ngsull och blyga f\u00f6rg\u00e4tmigej, bl\u00e5klockor och violer &#8230; &#8220;<\/p>\n","protected":false},"featured_media":70974,"comment_status":"open","ping_status":"closed","template":"","meta":{"_monsterinsights_skip_tracking":false,"_monsterinsights_sitenote_active":false,"_monsterinsights_sitenote_note":"","_monsterinsights_sitenote_category":0},"product_brand":[],"product_cat":[25],"product_tag":[624,929,910,412,630,68,840],"class_list":{"0":"post-1133","1":"product","2":"type-product","3":"status-publish","4":"has-post-thumbnail","6":"price_cat-kort-a","7":"product_cat-kort-med-kuvert","8":"product_tag-flowers","9":"product_tag-midsummer","10":"product_tag-music","11":"product_tag-romance","12":"product_tag-summer","13":"product_tag-celebration","14":"product_tag-wilderness","16":"first","17":"instock","18":"taxable","19":"shipping-taxable","20":"purchasable","21":"product-type-simple"},"_links":{"self":[{"href":"https:\/\/katarinahamilton.se\/sv\/wp-json\/wp\/v2\/product\/1133","targetHints":{"allow":["GET"]}}],"collection":[{"href":"https:\/\/katarinahamilton.se\/sv\/wp-json\/wp\/v2\/product"}],"about":[{"href":"https:\/\/katarinahamilton.se\/sv\/wp-json\/wp\/v2\/types\/product"}],"replies":[{"embeddable":true,"href":"https:\/\/katarinahamilton.se\/sv\/wp-json\/wp\/v2\/comments?post=1133"}],"wp:featuredmedia":[{"embeddable":true,"href":"https:\/\/katarinahamilton.se\/sv\/wp-json\/wp\/v2\/media\/70974"}],"wp:attachment":[{"href":"https:\/\/katarinahamilton.se\/sv\/wp-json\/wp\/v2\/media?parent=1133"}],"wp:term":[{"taxonomy":"product_brand","embeddable":true,"href":"https:\/\/katarinahamilton.se\/sv\/wp-json\/wp\/v2\/product_brand?post=1133"},{"taxonomy":"product_cat","embeddable":true,"href":"https:\/\/katarinahamilton.se\/sv\/wp-json\/wp\/v2\/product_cat?post=1133"},{"taxonomy":"product_tag","embeddable":true,"href":"https:\/\/katarinahamilton.se\/sv\/wp-json\/wp\/v2\/product_tag?post=1133"}],"curies":[{"name":"wp","href":"https:\/\/api.w.org\/{rel}","templated":true}]}}