{"id":1106,"date":"2020-01-13T15:30:50","date_gmt":"2020-01-13T14:30:50","guid":{"rendered":"https:\/\/server03.blackpixel.se\/~hamilton\/produkt\/import-placeholder-for-1868\/"},"modified":"2026-04-06T18:06:56","modified_gmt":"2026-04-06T16:06:56","slug":"swedish-dishcloth-monarch-butterflies-monarkfjarilar","status":"publish","type":"product","link":"https:\/\/katarinahamilton.se\/sv\/produkt\/swedish-dishcloth-monarch-butterflies-monarkfjarilar\/","title":{"rendered":"Svensk disktrasa: &#8220;Monarkfj\u00e4rilar&#8221;"},"content":{"rendered":"","protected":false},"excerpt":{"rendered":"<p>Monarkfj\u00e4rilen f\u00f6rekommer fr\u00e4mst i USA och norra Sydamerika, finns \u00e4ven i Indonesien och i \u00f6stra delarna av Australien. Den f\u00f6rekommer tillf\u00e4llig i Sverige men reproducerar sig inte h\u00e4r.<\/p>\n","protected":false},"featured_media":1481,"comment_status":"open","ping_status":"closed","template":"","meta":{"_monsterinsights_skip_tracking":false,"_monsterinsights_sitenote_active":false,"_monsterinsights_sitenote_note":"","_monsterinsights_sitenote_category":0},"product_brand":[],"product_cat":[617,619],"product_tag":[354,869,571,630,840],"class_list":{"0":"post-1106","1":"product","2":"type-product","3":"status-publish","4":"has-post-thumbnail","6":"price_cat-disktrasa-a","7":"product_cat-swedish-dishcloths","8":"product_cat-kitchen_and_table","9":"product_tag-children","10":"product_tag-animals","11":"product_tag-fjarilar","12":"product_tag-summer","13":"product_tag-wilderness","15":"first","16":"instock","17":"taxable","18":"shipping-taxable","19":"purchasable","20":"product-type-simple"},"_links":{"self":[{"href":"https:\/\/katarinahamilton.se\/sv\/wp-json\/wp\/v2\/product\/1106","targetHints":{"allow":["GET"]}}],"collection":[{"href":"https:\/\/katarinahamilton.se\/sv\/wp-json\/wp\/v2\/product"}],"about":[{"href":"https:\/\/katarinahamilton.se\/sv\/wp-json\/wp\/v2\/types\/product"}],"replies":[{"embeddable":true,"href":"https:\/\/katarinahamilton.se\/sv\/wp-json\/wp\/v2\/comments?post=1106"}],"wp:featuredmedia":[{"embeddable":true,"href":"https:\/\/katarinahamilton.se\/sv\/wp-json\/wp\/v2\/media\/1481"}],"wp:attachment":[{"href":"https:\/\/katarinahamilton.se\/sv\/wp-json\/wp\/v2\/media?parent=1106"}],"wp:term":[{"taxonomy":"product_brand","embeddable":true,"href":"https:\/\/katarinahamilton.se\/sv\/wp-json\/wp\/v2\/product_brand?post=1106"},{"taxonomy":"product_cat","embeddable":true,"href":"https:\/\/katarinahamilton.se\/sv\/wp-json\/wp\/v2\/product_cat?post=1106"},{"taxonomy":"product_tag","embeddable":true,"href":"https:\/\/katarinahamilton.se\/sv\/wp-json\/wp\/v2\/product_tag?post=1106"}],"curies":[{"name":"wp","href":"https:\/\/api.w.org\/{rel}","templated":true}]}}