{"id":1099,"date":"2020-01-13T15:30:50","date_gmt":"2020-01-13T14:30:50","guid":{"rendered":"https:\/\/server03.blackpixel.se\/~hamilton\/produkt\/import-placeholder-for-1781\/"},"modified":"2026-04-06T18:05:29","modified_gmt":"2026-04-06T16:05:29","slug":"swedish-dishcloth-snowmobile-snoskoter-ockelbo-300-73","status":"publish","type":"product","link":"https:\/\/katarinahamilton.se\/sv\/produkt\/swedish-dishcloth-snowmobile-snoskoter-ockelbo-300-73\/","title":{"rendered":"Svensk disktrasa: &#8220;Sn\u00f6skoter Ockelbo 300 -73&#8243;"},"content":{"rendered":"","protected":false},"excerpt":{"rendered":"<p>Den klassiska sn\u00f6skoter-ikonen Ockelbo 300, 1973 \u00e5rs modell. Den som var med i tv-serien Pistvakt. De f\u00e5 exemplar som finns kvar idag v\u00e5rdas \u00f6mt och anv\u00e4nds men vill man k\u00f6pa en \u00e4r det sm\u00e5tt om\u00f6jligt eller kostar en halv f\u00f6rm\u00f6genhet. S\u00e5 s\u00e4kraste och enklaste s\u00e4ttet att komma \u00f6ver en egen Ockelbo \u00e4r nog att k\u00f6pa den h\u00e4r disktrasan.<\/p>\n<p>The classic, iconic Swedish Ockelbo 300 -73 Snowmobile now on a Swedish Dishcloth!<\/p>\n<p>\u00a9 Katarina Hamilton<\/p>\n","protected":false},"featured_media":368976,"comment_status":"open","ping_status":"closed","template":"","meta":{"_monsterinsights_skip_tracking":false,"_monsterinsights_sitenote_active":false,"_monsterinsights_sitenote_note":"","_monsterinsights_sitenote_category":0},"product_brand":[],"product_cat":[617,885,619,522],"product_tag":[888,1145,41,710,471,649,475],"class_list":{"0":"post-1099","1":"product","2":"type-product","3":"status-publish","4":"has-post-thumbnail","6":"price_cat-disktrasa-a","7":"product_cat-swedish-dishcloths","8":"product_cat-christmas","9":"product_cat-kitchen_and_table","10":"product_cat-fells","11":"product_tag-the-fells","12":"product_tag-vehicles","13":"product_tag-orange","14":"product_tag-snow","15":"product_tag-sports","16":"product_tag-swedish-industry","17":"product_tag-winter","19":"first","20":"instock","21":"downloadable","22":"taxable","23":"shipping-taxable","24":"purchasable","25":"product-type-simple"},"_links":{"self":[{"href":"https:\/\/katarinahamilton.se\/sv\/wp-json\/wp\/v2\/product\/1099","targetHints":{"allow":["GET"]}}],"collection":[{"href":"https:\/\/katarinahamilton.se\/sv\/wp-json\/wp\/v2\/product"}],"about":[{"href":"https:\/\/katarinahamilton.se\/sv\/wp-json\/wp\/v2\/types\/product"}],"replies":[{"embeddable":true,"href":"https:\/\/katarinahamilton.se\/sv\/wp-json\/wp\/v2\/comments?post=1099"}],"wp:featuredmedia":[{"embeddable":true,"href":"https:\/\/katarinahamilton.se\/sv\/wp-json\/wp\/v2\/media\/368976"}],"wp:attachment":[{"href":"https:\/\/katarinahamilton.se\/sv\/wp-json\/wp\/v2\/media?parent=1099"}],"wp:term":[{"taxonomy":"product_brand","embeddable":true,"href":"https:\/\/katarinahamilton.se\/sv\/wp-json\/wp\/v2\/product_brand?post=1099"},{"taxonomy":"product_cat","embeddable":true,"href":"https:\/\/katarinahamilton.se\/sv\/wp-json\/wp\/v2\/product_cat?post=1099"},{"taxonomy":"product_tag","embeddable":true,"href":"https:\/\/katarinahamilton.se\/sv\/wp-json\/wp\/v2\/product_tag?post=1099"}],"curies":[{"name":"wp","href":"https:\/\/api.w.org\/{rel}","templated":true}]}}