{"id":1094,"date":"2020-01-13T15:30:44","date_gmt":"2020-01-13T14:30:44","guid":{"rendered":"https:\/\/server03.blackpixel.se\/~hamilton\/produkt\/import-placeholder-for-1764\/"},"modified":"2026-04-06T18:13:24","modified_gmt":"2026-04-06T16:13:24","slug":"swedish-dishcloth-lucia-cat-lussekatt-2","status":"publish","type":"product","link":"https:\/\/katarinahamilton.se\/sv\/produkt\/swedish-dishcloth-lucia-cat-lussekatt-2\/","title":{"rendered":"Svensk disktrasa: &#8220;Lussekatt&#8221;"},"content":{"rendered":"","protected":false},"excerpt":{"rendered":"<p>&#8220;Lussekatt&#8221; \u00e4r ju egentligen namnet p\u00e5 saffransbullarna vi njuter av i Advent, under Luciafirandet och hela julhelgen. H\u00e4r \u00e4r det en \u00e4kta Lucia-katt, vit&#8221;kl\u00e4dd&#8221; med ljuskrona virad med lingonris p\u00e5 huvudet. En sprallig och n\u00f6jd liten kissekatt f\u00f6r b\u00e4sta december-k\u00e4nslan i k\u00f6ket.<\/p>\n","protected":false},"featured_media":369032,"comment_status":"open","ping_status":"closed","template":"","meta":{"_monsterinsights_skip_tracking":false,"_monsterinsights_sitenote_active":false,"_monsterinsights_sitenote_note":"","_monsterinsights_sitenote_category":0},"product_brand":[],"product_cat":[617,885],"product_tag":[157,691,745,626],"class_list":{"0":"post-1094","1":"product","2":"type-product","3":"status-publish","4":"has-post-thumbnail","6":"price_cat-disktrasa-a","7":"product_cat-swedish-dishcloths","8":"product_cat-christmas","9":"product_tag-christmas","10":"product_tag-cats","11":"product_tag-candles","12":"product_tag-red","14":"first","15":"instock","16":"taxable","17":"shipping-taxable","18":"purchasable","19":"product-type-simple"},"_links":{"self":[{"href":"https:\/\/katarinahamilton.se\/sv\/wp-json\/wp\/v2\/product\/1094","targetHints":{"allow":["GET"]}}],"collection":[{"href":"https:\/\/katarinahamilton.se\/sv\/wp-json\/wp\/v2\/product"}],"about":[{"href":"https:\/\/katarinahamilton.se\/sv\/wp-json\/wp\/v2\/types\/product"}],"replies":[{"embeddable":true,"href":"https:\/\/katarinahamilton.se\/sv\/wp-json\/wp\/v2\/comments?post=1094"}],"wp:featuredmedia":[{"embeddable":true,"href":"https:\/\/katarinahamilton.se\/sv\/wp-json\/wp\/v2\/media\/369032"}],"wp:attachment":[{"href":"https:\/\/katarinahamilton.se\/sv\/wp-json\/wp\/v2\/media?parent=1094"}],"wp:term":[{"taxonomy":"product_brand","embeddable":true,"href":"https:\/\/katarinahamilton.se\/sv\/wp-json\/wp\/v2\/product_brand?post=1094"},{"taxonomy":"product_cat","embeddable":true,"href":"https:\/\/katarinahamilton.se\/sv\/wp-json\/wp\/v2\/product_cat?post=1094"},{"taxonomy":"product_tag","embeddable":true,"href":"https:\/\/katarinahamilton.se\/sv\/wp-json\/wp\/v2\/product_tag?post=1094"}],"curies":[{"name":"wp","href":"https:\/\/api.w.org\/{rel}","templated":true}]}}