{"id":1089,"date":"2020-01-13T15:30:43","date_gmt":"2020-01-13T14:30:43","guid":{"rendered":"https:\/\/server03.blackpixel.se\/~hamilton\/produkt\/import-placeholder-for-1740\/"},"modified":"2026-04-06T18:13:50","modified_gmt":"2026-04-06T16:13:50","slug":"card-tomte-yule-goat-baby-tomte-julbock-killing","status":"publish","type":"product","link":"https:\/\/katarinahamilton.se\/sv\/produkt\/card-tomte-yule-goat-baby-tomte-julbock-killing\/","title":{"rendered":"kort m kuvert: &#8220;Tomte, Julbock &#038; Killing&#8221;"},"content":{"rendered":"","protected":false},"excerpt":{"rendered":"<p>En liten tomte tittar till den nyf\u00f6dda killingen under \u00f6verinseende av den majest\u00e4tiska pappa getabocken.<\/p>\n<p>Bocken och killingen \u00e4r av rasen &#8220;Lappget&#8221;, en gammal ursprunglig Svensk allmogeget\/lantras som \u00e4r akut utrotningshotad. Lappgeten \u00e4r speciellt anpassad f\u00f6r ett liv i fj\u00e4llen och klarar av att livn\u00e4ra sig p\u00e5 samma bete som renarna. Idag finns totalt bara ett par hundra Lappgetter i Sverige men Svenska Jordbruksverket st\u00f6djer arbetet med att de ska bli fler och finnas kvar. S\u00e5 det finns gott hopp om att de h\u00e4r karakt\u00e4rsfulla djuren ska kunna forts\u00e4tta att berika v\u00e5r tillvaro \u00e4ven i framtiden.<\/p>\n","protected":false},"featured_media":2008,"comment_status":"open","ping_status":"closed","template":"","meta":{"_monsterinsights_skip_tracking":false,"_monsterinsights_sitenote_active":false,"_monsterinsights_sitenote_note":"","_monsterinsights_sitenote_category":0},"product_brand":[],"product_cat":[885,25],"product_tag":[312,157,857,858,271,394],"class_list":{"0":"post-1089","1":"product","2":"type-product","3":"status-publish","4":"has-post-thumbnail","6":"price_cat-kort-a","7":"product_cat-christmas","8":"product_cat-kort-med-kuvert","9":"product_tag-baby","10":"product_tag-christmas","11":"product_tag-farming","12":"product_tag-native-breed","13":"product_tag-sweden","14":"product_tag-tomtar","16":"first","17":"instock","18":"taxable","19":"shipping-taxable","20":"purchasable","21":"product-type-simple"},"_links":{"self":[{"href":"https:\/\/katarinahamilton.se\/sv\/wp-json\/wp\/v2\/product\/1089","targetHints":{"allow":["GET"]}}],"collection":[{"href":"https:\/\/katarinahamilton.se\/sv\/wp-json\/wp\/v2\/product"}],"about":[{"href":"https:\/\/katarinahamilton.se\/sv\/wp-json\/wp\/v2\/types\/product"}],"replies":[{"embeddable":true,"href":"https:\/\/katarinahamilton.se\/sv\/wp-json\/wp\/v2\/comments?post=1089"}],"wp:featuredmedia":[{"embeddable":true,"href":"https:\/\/katarinahamilton.se\/sv\/wp-json\/wp\/v2\/media\/2008"}],"wp:attachment":[{"href":"https:\/\/katarinahamilton.se\/sv\/wp-json\/wp\/v2\/media?parent=1089"}],"wp:term":[{"taxonomy":"product_brand","embeddable":true,"href":"https:\/\/katarinahamilton.se\/sv\/wp-json\/wp\/v2\/product_brand?post=1089"},{"taxonomy":"product_cat","embeddable":true,"href":"https:\/\/katarinahamilton.se\/sv\/wp-json\/wp\/v2\/product_cat?post=1089"},{"taxonomy":"product_tag","embeddable":true,"href":"https:\/\/katarinahamilton.se\/sv\/wp-json\/wp\/v2\/product_tag?post=1089"}],"curies":[{"name":"wp","href":"https:\/\/api.w.org\/{rel}","templated":true}]}}