{"id":1083,"date":"2020-01-13T15:30:43","date_gmt":"2020-01-13T14:30:43","guid":{"rendered":"https:\/\/server03.blackpixel.se\/~hamilton\/produkt\/import-placeholder-for-1719\/"},"modified":"2026-04-06T18:18:38","modified_gmt":"2026-04-06T16:18:38","slug":"apron-in-the-summer-meadow-forklade-i-sommarhagen","status":"publish","type":"product","link":"https:\/\/katarinahamilton.se\/sv\/produkt\/apron-in-the-summer-meadow-forklade-i-sommarhagen\/","title":{"rendered":"Svenskt handtryck: f\u00f6rkl\u00e4de &#8220;I Sommarhagen&#8221;"},"content":{"rendered":"","protected":false},"excerpt":{"rendered":"<p>\u00c5TER I LAGER slutet september, endast ett begr\u00e4nsat antal.<\/p>\n<p>Put on this apron and with the best of Swedish summer feelings made to bring your cooking skills into new heights \ud83d\ude42<\/p>\n<p>A classic pattern including music, Swedish wild summer flowers, mountains and lakes.<\/p>\n<p>100% cotton. Handprinted and sewn in Sweden.<\/p>\n","protected":false},"featured_media":758,"comment_status":"open","ping_status":"closed","template":"","meta":{"_monsterinsights_skip_tracking":false,"_monsterinsights_sitenote_active":false,"_monsterinsights_sitenote_note":"","_monsterinsights_sitenote_category":0},"product_brand":[],"product_cat":[619,21],"product_tag":[624,899,888,929,686,910,630,646],"class_list":{"0":"post-1083","1":"product","2":"type-product","3":"status-publish","4":"has-post-thumbnail","6":"price_cat-forklade-a","7":"product_cat-kitchen_and_table","8":"product_cat-textil","9":"product_tag-flowers","10":"product_tag-fathers-day","11":"product_tag-the-fells","12":"product_tag-midsummer","13":"product_tag-mothers-day","14":"product_tag-music","15":"product_tag-summer","16":"product_tag-waters","18":"first","19":"outofstock","20":"taxable","21":"shipping-taxable","22":"purchasable","23":"product-type-simple"},"_links":{"self":[{"href":"https:\/\/katarinahamilton.se\/sv\/wp-json\/wp\/v2\/product\/1083","targetHints":{"allow":["GET"]}}],"collection":[{"href":"https:\/\/katarinahamilton.se\/sv\/wp-json\/wp\/v2\/product"}],"about":[{"href":"https:\/\/katarinahamilton.se\/sv\/wp-json\/wp\/v2\/types\/product"}],"replies":[{"embeddable":true,"href":"https:\/\/katarinahamilton.se\/sv\/wp-json\/wp\/v2\/comments?post=1083"}],"wp:featuredmedia":[{"embeddable":true,"href":"https:\/\/katarinahamilton.se\/sv\/wp-json\/wp\/v2\/media\/758"}],"wp:attachment":[{"href":"https:\/\/katarinahamilton.se\/sv\/wp-json\/wp\/v2\/media?parent=1083"}],"wp:term":[{"taxonomy":"product_brand","embeddable":true,"href":"https:\/\/katarinahamilton.se\/sv\/wp-json\/wp\/v2\/product_brand?post=1083"},{"taxonomy":"product_cat","embeddable":true,"href":"https:\/\/katarinahamilton.se\/sv\/wp-json\/wp\/v2\/product_cat?post=1083"},{"taxonomy":"product_tag","embeddable":true,"href":"https:\/\/katarinahamilton.se\/sv\/wp-json\/wp\/v2\/product_tag?post=1083"}],"curies":[{"name":"wp","href":"https:\/\/api.w.org\/{rel}","templated":true}]}}