{"id":1080,"date":"2020-01-13T15:30:43","date_gmt":"2020-01-13T14:30:43","guid":{"rendered":"https:\/\/server03.blackpixel.se\/~hamilton\/produkt\/import-placeholder-for-1663\/"},"modified":"2026-04-06T18:19:06","modified_gmt":"2026-04-06T16:19:06","slug":"tray-in-the-summer-meadow-i-sommarhagen","status":"publish","type":"product","link":"https:\/\/katarinahamilton.se\/sv\/produkt\/tray-in-the-summer-meadow-i-sommarhagen\/","title":{"rendered":"bricka: &#8220;I Sommarhagen&#8221; \u00d839cm"},"content":{"rendered":"","protected":false},"excerpt":{"rendered":"<p>En bricka f\u00f6r b\u00e4sta sommark\u00e4nslan. Musik, vilda blommor och ett vidstr\u00e4ckt sceneri med berg, sj\u00f6 och flammande himlar. I \u00e5r, 2022 har det h\u00e4r motivet f\u00e5tt lite lite uppdaterade f\u00e4rger, Nordiska Stormhatten har blivit lite bl\u00e5are, fiolen lite mer solbelyst tr\u00e4brun i kanten&#8230;<\/p>\n<p class=\"p1\">De sju blommorna i m\u00f6nstret \u00e4r R\u00f6dfibbla, Bl\u00e5gull, Norrlandsviol, Styvmorsviol, R\u00f6dkl\u00f6ver, Nordisk Stormhatt och Midsommarblomster. Landskapet \u00e4r utsikten Peterson-Berger hade fr\u00e5n det lilla noga placerade &#8220;tavel&#8221;-f\u00f6nstret i arbetsrummet i hans specialritade, unika hus &#8220;Sommarhagen&#8221; p\u00e5 Fr\u00f6s\u00f6n i J\u00e4mtland. Det \u00e4r Storsj\u00f6n med Byn\u00e4set, Anders\u00f6n, Norder\u00f6n, Verk\u00f6n, Ut\u00f6arna med Oviksfj\u00e4llen V\u00e4sterfj\u00e4llet och Hott\u00f6gsfj\u00e4llet i bakgrunden under en flammande himmel. G-klaven, pianotangenterna och fiolerna st\u00e5r f\u00f6r musiken.<\/p>\n<p>Kuriosa: Blommorna i m\u00f6nstret \u00e4r h\u00e4mtade ur tons\u00e4ttaren och skribenten Wilhelm Peterson-Bergers tidningsartikel &#8220;N\u00e5got om Fr\u00f6s\u00f6blomster&#8221;, publicerad i Dagens Nyheter tidigt 1900-tal.<\/p>\n<p>Brickan \u00e4r tillverkad i en l\u00e5ng hantverkstradition av Formpress p\u00e5 \u00d6land med omtanke om milj\u00f6n. Materialet \u00e4r bj\u00f6rkfan\u00e9r och melamin. Brickan diskas f\u00f6r hand eller i diskmaskin 95\u00b0 C.<\/p>\n","protected":false},"featured_media":368803,"comment_status":"open","ping_status":"closed","template":"","meta":{"_monsterinsights_skip_tracking":false,"_monsterinsights_sitenote_active":false,"_monsterinsights_sitenote_note":"","_monsterinsights_sitenote_category":0},"product_brand":[],"product_cat":[633,611,619],"product_tag":[624,929,686,910,630,1152,271],"class_list":{"0":"post-1080","1":"product","2":"type-product","3":"status-publish","4":"has-post-thumbnail","6":"price_cat-bricka-39","7":"product_cat-trays","8":"product_cat-interior_accessories","9":"product_cat-kitchen_and_table","10":"product_tag-flowers","11":"product_tag-midsummer","12":"product_tag-mothers-day","13":"product_tag-music","14":"product_tag-summer","15":"product_tag-studenten","16":"product_tag-sweden","18":"first","19":"instock","20":"taxable","21":"shipping-taxable","22":"purchasable","23":"product-type-simple"},"_links":{"self":[{"href":"https:\/\/katarinahamilton.se\/sv\/wp-json\/wp\/v2\/product\/1080","targetHints":{"allow":["GET"]}}],"collection":[{"href":"https:\/\/katarinahamilton.se\/sv\/wp-json\/wp\/v2\/product"}],"about":[{"href":"https:\/\/katarinahamilton.se\/sv\/wp-json\/wp\/v2\/types\/product"}],"replies":[{"embeddable":true,"href":"https:\/\/katarinahamilton.se\/sv\/wp-json\/wp\/v2\/comments?post=1080"}],"wp:featuredmedia":[{"embeddable":true,"href":"https:\/\/katarinahamilton.se\/sv\/wp-json\/wp\/v2\/media\/368803"}],"wp:attachment":[{"href":"https:\/\/katarinahamilton.se\/sv\/wp-json\/wp\/v2\/media?parent=1080"}],"wp:term":[{"taxonomy":"product_brand","embeddable":true,"href":"https:\/\/katarinahamilton.se\/sv\/wp-json\/wp\/v2\/product_brand?post=1080"},{"taxonomy":"product_cat","embeddable":true,"href":"https:\/\/katarinahamilton.se\/sv\/wp-json\/wp\/v2\/product_cat?post=1080"},{"taxonomy":"product_tag","embeddable":true,"href":"https:\/\/katarinahamilton.se\/sv\/wp-json\/wp\/v2\/product_tag?post=1080"}],"curies":[{"name":"wp","href":"https:\/\/api.w.org\/{rel}","templated":true}]}}