{"id":1071,"date":"2020-01-13T15:30:42","date_gmt":"2020-01-13T14:30:42","guid":{"rendered":"https:\/\/server03.blackpixel.se\/~hamilton\/produkt\/import-placeholder-for-1486\/"},"modified":"2022-03-15T14:43:03","modified_gmt":"2022-03-15T13:43:03","slug":"cushion-cover-nobel-prize-in-literature-the-women-laureates","status":"publish","type":"product","link":"https:\/\/katarinahamilton.se\/sv\/produkt\/cushion-cover-nobel-prize-in-literature-the-women-laureates\/","title":{"rendered":"kudd\u00f6verdrag: De Kvinnliga Nobelpristagarna i Litteratur 1901-2015"},"content":{"rendered":"","protected":false},"excerpt":{"rendered":"<p>A cushion cover with all the Women writers awarded with the Nobel Prize in Litterature 1901 to present.<\/p>\n<p>The fabric is handprinted in northern Sweden and this item is sewn in a semstress workshop in the mountains in the region J\u00e4mtland in Sweden. The parts of this item is cut from the fabric printed by the meter giving each item a personal look.<\/p>\n<p>\u00a9 Katarina Hamilton<\/p>\n<p>&nbsp;<\/p>\n<p>\u00c5rtal och pristagare som ing\u00e5r i m\u00f6nstret \u00e4r:<\/p>\n<p>1909 Selma Lagerl\u00f6f (Sverige), 1926 Grazia Deledda (Italien), 1928 Sigrid Undset (Norge), 1938 Pearl Buck (Kina och USA) 1945 Gabriela Mistral (Chile) 1966 Nelly Sachs (Tyskland och Sverige) 1991 Nadime Gordimer (Sydafrika), 1993 Toni Morrison (USA) 1996 Wislawa Szymborska (Polen) 2004 Elfriede Jelinek (\u00d6sterrike), 2007 Doris Lessing (Persien och Storbritannien) 2009 Herta M\u00fcller (Rum\u00e4nien och Tyskland), 2013 Alice Munro (Kanada), 2015 Svetlana Alexievich (Belarus).<\/p>\n","protected":false},"featured_media":725,"comment_status":"open","ping_status":"closed","template":"","meta":{"_monsterinsights_skip_tracking":false,"_monsterinsights_sitenote_active":false,"_monsterinsights_sitenote_note":"","_monsterinsights_sitenote_category":0},"product_brand":[],"product_cat":[611,21],"product_tag":[613,615,84,93,271],"class_list":{"0":"post-1071","1":"product","2":"type-product","3":"status-publish","4":"has-post-thumbnail","6":"price_cat-kuddfodral_50-50","7":"product_cat-interior_accessories","8":"product_cat-textil","9":"product_tag-authors","10":"product_tag-women","11":"product_tag-literature","12":"product_tag-nobelprize","13":"product_tag-sweden","15":"first","16":"instock","17":"taxable","18":"shipping-taxable","19":"purchasable","20":"product-type-simple"},"_links":{"self":[{"href":"https:\/\/katarinahamilton.se\/sv\/wp-json\/wp\/v2\/product\/1071","targetHints":{"allow":["GET"]}}],"collection":[{"href":"https:\/\/katarinahamilton.se\/sv\/wp-json\/wp\/v2\/product"}],"about":[{"href":"https:\/\/katarinahamilton.se\/sv\/wp-json\/wp\/v2\/types\/product"}],"replies":[{"embeddable":true,"href":"https:\/\/katarinahamilton.se\/sv\/wp-json\/wp\/v2\/comments?post=1071"}],"wp:featuredmedia":[{"embeddable":true,"href":"https:\/\/katarinahamilton.se\/sv\/wp-json\/wp\/v2\/media\/725"}],"wp:attachment":[{"href":"https:\/\/katarinahamilton.se\/sv\/wp-json\/wp\/v2\/media?parent=1071"}],"wp:term":[{"taxonomy":"product_brand","embeddable":true,"href":"https:\/\/katarinahamilton.se\/sv\/wp-json\/wp\/v2\/product_brand?post=1071"},{"taxonomy":"product_cat","embeddable":true,"href":"https:\/\/katarinahamilton.se\/sv\/wp-json\/wp\/v2\/product_cat?post=1071"},{"taxonomy":"product_tag","embeddable":true,"href":"https:\/\/katarinahamilton.se\/sv\/wp-json\/wp\/v2\/product_tag?post=1071"}],"curies":[{"name":"wp","href":"https:\/\/api.w.org\/{rel}","templated":true}]}}