{"id":1051,"date":"2020-01-13T15:30:36","date_gmt":"2020-01-13T14:30:36","guid":{"rendered":"https:\/\/server03.blackpixel.se\/~hamilton\/produkt\/import-placeholder-for-1263\/"},"modified":"2024-11-20T11:02:51","modified_gmt":"2024-11-20T10:02:51","slug":"swedish-dishcloth-skis-snow-skidor-sno","status":"publish","type":"product","link":"https:\/\/katarinahamilton.se\/sv\/produkt\/swedish-dishcloth-skis-snow-skidor-sno\/","title":{"rendered":"Svensk disktrasa: &#8220;Skidor &#038; Sn\u00f6&#8221;"},"content":{"rendered":"","protected":false},"excerpt":{"rendered":"<p>Skidor &amp; Sn\u00f6. Det enda som saknas \u00e4r en kopp varm choklad. Och sedan, n\u00e4r du r\u00e5kar spilla lite, beh\u00f6ver du en bra disktrasa. Cirkeln \u00e4r sluten.<\/p>\n<p>&nbsp;<\/p>\n","protected":false},"featured_media":1456,"comment_status":"open","ping_status":"closed","template":"","meta":{"_monsterinsights_skip_tracking":false,"_monsterinsights_sitenote_active":false,"_monsterinsights_sitenote_note":"","_monsterinsights_sitenote_category":0},"product_brand":[],"product_cat":[617,885,619],"product_tag":[157,710,471,475],"class_list":{"0":"post-1051","1":"product","2":"type-product","3":"status-publish","4":"has-post-thumbnail","6":"price_cat-disktrasa-a","7":"product_cat-swedish-dishcloths","8":"product_cat-christmas","9":"product_cat-kitchen_and_table","10":"product_tag-christmas","11":"product_tag-snow","12":"product_tag-sports","13":"product_tag-winter","15":"first","16":"outofstock","17":"taxable","18":"shipping-taxable","19":"purchasable","20":"product-type-simple"},"_links":{"self":[{"href":"https:\/\/katarinahamilton.se\/sv\/wp-json\/wp\/v2\/product\/1051","targetHints":{"allow":["GET"]}}],"collection":[{"href":"https:\/\/katarinahamilton.se\/sv\/wp-json\/wp\/v2\/product"}],"about":[{"href":"https:\/\/katarinahamilton.se\/sv\/wp-json\/wp\/v2\/types\/product"}],"replies":[{"embeddable":true,"href":"https:\/\/katarinahamilton.se\/sv\/wp-json\/wp\/v2\/comments?post=1051"}],"wp:featuredmedia":[{"embeddable":true,"href":"https:\/\/katarinahamilton.se\/sv\/wp-json\/wp\/v2\/media\/1456"}],"wp:attachment":[{"href":"https:\/\/katarinahamilton.se\/sv\/wp-json\/wp\/v2\/media?parent=1051"}],"wp:term":[{"taxonomy":"product_brand","embeddable":true,"href":"https:\/\/katarinahamilton.se\/sv\/wp-json\/wp\/v2\/product_brand?post=1051"},{"taxonomy":"product_cat","embeddable":true,"href":"https:\/\/katarinahamilton.se\/sv\/wp-json\/wp\/v2\/product_cat?post=1051"},{"taxonomy":"product_tag","embeddable":true,"href":"https:\/\/katarinahamilton.se\/sv\/wp-json\/wp\/v2\/product_tag?post=1051"}],"curies":[{"name":"wp","href":"https:\/\/api.w.org\/{rel}","templated":true}]}}