{"id":1046,"date":"2020-01-13T15:30:36","date_gmt":"2020-01-13T14:30:36","guid":{"rendered":"https:\/\/server03.blackpixel.se\/~hamilton\/produkt\/import-placeholder-for-1254\/"},"modified":"2026-04-06T18:33:05","modified_gmt":"2026-04-06T16:33:05","slug":"tray-skis-snow-skidor-sno","status":"publish","type":"product","link":"https:\/\/katarinahamilton.se\/sv\/produkt\/tray-skis-snow-skidor-sno\/","title":{"rendered":"bricka 32x32cm: &#8220;Skidor &#038; Sn\u00f6&#8221;"},"content":{"rendered":"","protected":false},"excerpt":{"rendered":"<p>Skidor och sn\u00f6. B\u00e4sta vinterupplevelsen.<\/p>\n<p>H\u00e4r \u00e4r det fika-rast p\u00e5 skidturen. Skidorna har \u00e5kt av och st\u00e5r rakt upp, nedk\u00f6rda i en sn\u00f6driva, det \u00e4r dags att plocka fram ostsm\u00f6rg\u00e5sen, apelsinen och termosen full med varm choklad ur ryggs\u00e4cken. N\u00e5gonstans mitt i fj\u00e4llv\u00e4rlden eller bakom husknuten varsomhelst i Sverige.<\/p>\n","protected":false},"featured_media":696,"comment_status":"open","ping_status":"closed","template":"","meta":{"_monsterinsights_skip_tracking":false,"_monsterinsights_sitenote_active":false,"_monsterinsights_sitenote_note":"","_monsterinsights_sitenote_category":0},"product_brand":[],"product_cat":[633,611,619],"product_tag":[899,157,710,471,475],"class_list":{"0":"post-1046","1":"product","2":"type-product","3":"status-publish","4":"has-post-thumbnail","6":"price_cat-bricka-32x32","7":"product_cat-trays","8":"product_cat-interior_accessories","9":"product_cat-kitchen_and_table","10":"product_tag-fathers-day","11":"product_tag-christmas","12":"product_tag-snow","13":"product_tag-sports","14":"product_tag-winter","16":"first","17":"instock","18":"taxable","19":"shipping-taxable","20":"purchasable","21":"product-type-simple"},"_links":{"self":[{"href":"https:\/\/katarinahamilton.se\/sv\/wp-json\/wp\/v2\/product\/1046","targetHints":{"allow":["GET"]}}],"collection":[{"href":"https:\/\/katarinahamilton.se\/sv\/wp-json\/wp\/v2\/product"}],"about":[{"href":"https:\/\/katarinahamilton.se\/sv\/wp-json\/wp\/v2\/types\/product"}],"replies":[{"embeddable":true,"href":"https:\/\/katarinahamilton.se\/sv\/wp-json\/wp\/v2\/comments?post=1046"}],"wp:featuredmedia":[{"embeddable":true,"href":"https:\/\/katarinahamilton.se\/sv\/wp-json\/wp\/v2\/media\/696"}],"wp:attachment":[{"href":"https:\/\/katarinahamilton.se\/sv\/wp-json\/wp\/v2\/media?parent=1046"}],"wp:term":[{"taxonomy":"product_brand","embeddable":true,"href":"https:\/\/katarinahamilton.se\/sv\/wp-json\/wp\/v2\/product_brand?post=1046"},{"taxonomy":"product_cat","embeddable":true,"href":"https:\/\/katarinahamilton.se\/sv\/wp-json\/wp\/v2\/product_cat?post=1046"},{"taxonomy":"product_tag","embeddable":true,"href":"https:\/\/katarinahamilton.se\/sv\/wp-json\/wp\/v2\/product_tag?post=1046"}],"curies":[{"name":"wp","href":"https:\/\/api.w.org\/{rel}","templated":true}]}}