{"id":3,"date":"2020-09-22T16:50:00","date_gmt":"2020-09-22T14:50:00","guid":{"rendered":"http:\/\/server03.blackpixel.se\/~katarina\/?page_id=3"},"modified":"2025-01-18T11:51:13","modified_gmt":"2025-01-18T10:51:13","slug":"integritetspolicy","status":"publish","type":"page","link":"https:\/\/katarinahamilton.se\/sv\/integritetspolicy\/","title":{"rendered":"Integritetspolicy"},"content":{"rendered":"<p>[vc_row][vc_column][vc_column_text text_larger=&#8221;no&#8221;]<\/p>\n<h1>Vanliga fr\u00e5gor<\/h1>\n<div><\/div>\n<h3>&#8211; Hur mycket kostar frakten?<\/h3>\n<div>Frakten inom Sverige kostar 75 kr och paketet skickas med DHL Service Point till ditt n\u00e4rmaste utl\u00e4mningsst\u00e4lle. Priset f\u00f6r frakt utrikes varierar beroende p\u00e5 vikt och land. Innan du slutf\u00f6r din best\u00e4llning kommer du att kunna se den aktuella fraktkostnaden.<\/div>\n<div><\/div>\n<div>&#8211; Skickar ni best\u00e4llningar utomlands?<\/div>\n<div>Vi skickar best\u00e4llningar \u00f6ver hela v\u00e4rlden. Priset f\u00f6r frakt utomlands varierar. Innan du slutf\u00f6r din best\u00e4llning kommer du att kunna se den aktuella fraktkostnaden. Inom EU levereras ditt paket till n\u00e4rmaste utl\u00e4mningsst\u00e4lle. Utanf\u00f6r EU levereras ditt paket till d\u00f6rren.<\/div>\n<div><\/div>\n<h3>&#8211; N\u00e4r skickas min best\u00e4llning?<\/h3>\n<div>Ditt paket skickas fr\u00e5n oss s\u00e5 fort som m\u00f6jligt beroende p\u00e5 m\u00e4ngden inkomna best\u00e4llningar men senast inom 3-5 arbetsdagar.<\/div>\n<div><\/div>\n<h3>&#8211; N\u00e4r f\u00e5r jag min best\u00e4llning?<\/h3>\n<div>Ditt paket levereras 1-6 dagar efter att det skickats fr\u00e5n oss.<\/div>\n<div><\/div>\n<h3>&#8211; Hur sp\u00e5rar jag min best\u00e4llning?<\/h3>\n<div>Du kan sp\u00e5ra ditt paket via s\u00e4ndningsnumret som du f\u00e5r n\u00e4r din best\u00e4llning skickas fr\u00e5n oss. Anv\u00e4nd f\u00f6ljande l\u00e4nkar:<\/div>\n<div>DHL Service Point (Sverige):\u00a0<a href=\"http:\/\/www.servicepointinrikes.se\/\" target=\"_blank\" rel=\"noopener noreferrer\" data-saferedirecturl=\"https:\/\/www.google.com\/url?q=http:\/\/www.servicepointinrikes.se&amp;source=gmail&amp;ust=1602930436485000&amp;usg=AFQjCNGPLSEhg5fZCAN3HLKkLBm-MbJo0w\">http:\/\/www.<wbr \/>servicepointinrikes.se<\/a><\/div>\n<h3><\/h3>\n<h3>&#8211; Hur betalar jag min best\u00e4llning?<\/h3>\n<div>Som privatperson betalar du din best\u00e4llning med swish eller kortbetalning vid k\u00f6ptillf\u00e4llet.<\/div>\n<div>\u00c4r du registrerad som \u00e5terf\u00f6rs\u00e4ljare hos oss v\u00e4ljer du alternativet &#8220;faktura f\u00f6r \u00e5terf\u00f6rs\u00e4ljare&#8221;.<\/div>\n<div><\/div>\n<h3>&#8211; Finns samma varor i webbshopen som i butiken?<\/h3>\n<div>V\u00e5r egna butik p\u00e5 Dalar\u00f6 &#8211; Kias Tr\u00e4dg\u00e5rdskaf\u00e9 &amp; Butik &#8211; har samma grundutbud och samma lager. Allting i webbshopen finns \u00e4ven i butiken. I butiken har vi ocks\u00e5 lite specialerbjudanden. Vi uppdaterar webbshopen med nya varor l\u00f6pande.<\/div>\n<div><\/div>\n<h3>&#8211; Vad g\u00e4ller vid \u00e5ngrat k\u00f6p?<\/h3>\n<div>Du har r\u00e4tt att \u00e5ngra ditt k\u00f6p eller byta varor inom 14 dagar fr\u00e5n leveransdagen. Kontakta alltid oss innan du \u00e5ters\u00e4nder dina varor. K\u00f6paren st\u00e5r sj\u00e4lv f\u00f6r frakten och varan ska vara i s\u00e4ljbart skick.<\/div>\n<h3><\/h3>\n<h3>&#8211; Kan jag \u00e4ndra min best\u00e4llning?<\/h3>\n<div>H\u00f6r av dig till oss via mail s\u00e5 fort som m\u00f6jligt om du vill \u00e4ndra n\u00e5got i din best\u00e4llning. Om paketet inte redan \u00e4r skickat f\u00f6rs\u00f6ker vi l\u00f6sa \u00e4ndringar.<\/div>\n<div><\/div>\n<h3>&#8211; Hur g\u00f6r jag f\u00f6r att annullera min best\u00e4llning?<\/h3>\n<div>Du kan annullera din order s\u00e5 l\u00e4nge den inte skickats fr\u00e5n oss. Skicka ett mail s\u00e5 fort du \u00e5ngrar dig.<\/div>\n<div><\/div>\n<h3>&#8211; Vad g\u00f6r jag om mitt paket blivit skadat i frakten?<\/h3>\n<div>F\u00f6r att g\u00f6ra en reklamation av frakten beh\u00f6ver vi bilder skickade till v\u00e5r mailadress p\u00e5 den skadade varan och det skadade paketet. Vi skickar nya varor till dig utan extra kostnad s\u00e5 fort vi godk\u00e4nt fraktskadan.<\/div>\n<div><\/div>\n<div><\/div>\n<div><\/div>\n<h1>FAQ<\/h1>\n<div><\/div>\n<h3>&#8211; How much will it cost to ship my order?<\/h3>\n<div>The cost for shipping within Sweden is 65 SEK and your order will be delivered by DHL to your nearest Service Point. The cost for international shipping varies depending on weight and country for delivery. You can always see the actual cost before you complete your order.<\/div>\n<div><\/div>\n<h3>&#8211; Do you ship internationally?<\/h3>\n<div>We ship orders to all over the world. The cost for international shipping varies but you can always see the actual shipping cost before you complete your order.<\/div>\n<h3><\/h3>\n<h3>&#8211; When will you send my order?<\/h3>\n<div>We will always send your package as quickly as possible, at the latest within 3-5 working days.<\/div>\n<div><\/div>\n<h3>&#8211; When will I receive my order?<\/h3>\n<div>Your order will be delivered 1-3 days after the date we send it.<\/div>\n<div><\/div>\n<div>&#8211; How do I track my order?<\/div>\n<div>You can track your package by the shipping number you get when your order is sent from us. Use the following links:<\/div>\n<div>DHL Service Point (Sweden):\u00a0<a href=\"http:\/\/www.servicepointinrikes.se\/\" target=\"_blank\" rel=\"noopener noreferrer\" data-saferedirecturl=\"https:\/\/www.google.com\/url?q=http:\/\/www.servicepointinrikes.se&amp;source=gmail&amp;ust=1602930436485000&amp;usg=AFQjCNGPLSEhg5fZCAN3HLKkLBm-MbJo0w\">http:\/\/www.<wbr \/>servicepointinrikes.se<\/a><\/div>\n<div>DHL Express (international):\u00a0<a href=\"http:\/\/www.servicepointeuropa.se\/\" target=\"_blank\" rel=\"noopener noreferrer\" data-saferedirecturl=\"https:\/\/www.google.com\/url?q=http:\/\/www.servicepointeuropa.se&amp;source=gmail&amp;ust=1602930436485000&amp;usg=AFQjCNGmvh3JBemu5Gsrn_uATRL3-7ddeA\">http:\/\/www.servicepointeuropa.<wbr \/>se<\/a><\/div>\n<div>UPS xxxx<\/div>\n<div><\/div>\n<h3><\/h3>\n<h3>&#8211; What payment methods are accepted?<\/h3>\n<div>As a private customer you pay your order with MasterCard or VISA card when you place your order. Business customers who have applied for and got an account and login to place orders have also the possibility to pay through invoice.<\/div>\n<div><\/div>\n<h3>&#8211; What is your refund and return policy?<\/h3>\n<div>You have the right to cancel your purchase or change products within 14 days from delivery date. Always contact us before you return your goods. The buyer is responsible for the return shipping and the products must be in salable condition.<\/div>\n<div><\/div>\n<h3>&#8211; Can I change my order?<\/h3>\n<div>Please contact us by email as soon as possible if you want to change something in your order. If the package is not already sent we will try to solve your requests.<\/div>\n<div><\/div>\n<h3>&#8211; Can I cancel my order?<\/h3>\n<div>You can cancel an order as long as it is not already sent from us. Please contact us by email as soon as you change your mind about your order.<\/div>\n<div><\/div>\n<h3>&#8211; My package was damaged when I received it, what do I do?<\/h3>\n<div>To make a complaint to the shipping company we need you to send pictures of the damaged package and the damaged products to our email address. We will send you new products without any extra cost as soon as we have approved the shipping damage.<\/div>\n<div><\/div>\n<h3>&#8211; I received the wrong product, what do I do?<\/h3>\n<div>If you received the wrong product please contact us by email. We will send you a return shipping label and send you the right product when you have returned what you got wrong.<\/div>\n<div><\/div>\n<h3>&#8211; Can I return an item purchased online in katarinahamilton webshop?<\/h3>\n<div>If you want to return something, change product or make a complaint please contact us by email to support (at)\u00a0<a href=\"http:\/\/katarinahamilton.se\/\" target=\"_blank\" rel=\"noopener noreferrer\" data-saferedirecturl=\"https:\/\/www.google.com\/url?q=http:\/\/katarinahamilton.se&amp;source=gmail&amp;ust=1602930436485000&amp;usg=AFQjCNF1UaKWLSvolF9BGxrdQu3DznzMkQ\">katarinahamilton.se<\/a><\/div>\n<div><\/div>\n<div><\/div>\n<div><\/div>\n<h1>TERMS &amp; CONDITIONS<\/h1>\n<div><\/div>\n<div><\/div>\n<h3>Prices<\/h3>\n<div>All prices in katarinahamilton webshop are in Swedish crowns SEK. In case of price changes the customer will receive the price given at the time the order was placed.<\/div>\n<h3><\/h3>\n<h3>Order confirmation<\/h3>\n<div>An automatic order confirmation will be sent to the e-mail address listed on the order. The order number on this confirmation should be indicated in all correspondence with ARTEKIA \u2022 katarinahamilton regarding the order in question.<\/div>\n<div><\/div>\n<h3>Delivery time<\/h3>\n<div>We ship orders on a continual basis and in normal circumstances your order will be shipped at the latest within 3-5 working days. ARTEKIA &amp; katarinahamilton will not take responsibility for delays caused by the postal carriers.<\/div>\n<div><\/div>\n<h3>Freight charges<\/h3>\n<div>You will be able to see the freight charges in your shopping cart at the time of check out before you confirm your order. Please note that the customer is responsible for all customs or any other charges imposed by the country to which the order is shipped. Observe that extra custom fees may apply outside the EU.<\/div>\n<div><\/div>\n<h3>Unclaimed deliveries<\/h3>\n<div>We retain the right to charge a minimum of 200 SEK for packages not claimed by the customer and returned to us. The charge is to cover costs for return freight and handling.<\/div>\n<h3><\/h3>\n<h3>Returns and exchanges<\/h3>\n<div>You have the right to return or exchange your purchase within 14 days of receiving your package. Sale priced merchandise excluded. Returns or exchanges will only be accepted for products in unopened and un-used condition. Please contact us before returning any products. Return shipments are the sole responsibility of the customer. The customer is responsible for all costs, regulations and arrangements. ARTEKIA &amp; katarinahamilton will not refund customs or any other charges added by the country to which the order has been shipped.<\/div>\n<div><\/div>\n<h3>Copyright and Cookies<\/h3>\n<div>All photographs and material on ARTEKIA &amp; katarinahamilton webshop are protected by international copyright law and may not be reproduced under any circumstances without written consent of ARTEKIA &amp; katarinahamilton. The website uses cookies but retains no personal information. A cookie is a small text file which is stored on your computer when you visit a website. The next time you visit the website the web reader use this information to show the pages according to your installations. If you do not want cookies to be stored on your computer and choose to turn off this function ARTEKIA &amp; katarinahamilton webshop will not be able to be shown correctly and you will unfortunately not be able to shop from us.<\/div>\n<h3><\/h3>\n<h3>Additional information<\/h3>\n<div>You must be 18 years old to place an order from ARTEKIA &amp; katarinahamilton webshop. Minors must have permission in writing from a legal guardian or otherwise risk prosecution. We aim to present the most recent, accurate and reliable information on our website at all times. However, there may be instances of incomplete data, typographical error or inaccuracies. We cannot guarantee that a photograph depicts the product exactly. Though we apologize for any inconvenience these errors may occure, we reserve the right to amend or update product information at any time, without prior notice. ARTEKIA &amp; katarinahamilton reserves the right to refuse or cancel any orders placed on merchandise listed at the incorrect price.<\/div>\n<div><\/div>\n<h3>Customer information<\/h3>\n<div>Customer information is stored at the time of order placement in our register. This information is only intended to improve the contact between us and the customer and no information will be released outside ARTEKIA &amp; katarinahamilton<\/div>\n<p>[\/vc_column_text][\/vc_column][\/vc_row]<\/p>\n","protected":false},"excerpt":{"rendered":"<p>[vc_row][vc_column][vc_column_text text_larger=&#8221;no&#8221;] Vanliga fr\u00e5gor &#8211; Hur mycket kostar frakten? Frakten inom Sverige kostar 75 kr och paketet skickas med DHL<\/p>\n","protected":false},"author":12,"featured_media":0,"parent":0,"menu_order":0,"comment_status":"closed","ping_status":"open","template":"","meta":{"_monsterinsights_skip_tracking":false,"_monsterinsights_sitenote_active":false,"_monsterinsights_sitenote_note":"","_monsterinsights_sitenote_category":0,"footnotes":""},"class_list":["post-3","page","type-page","status-publish","hentry"],"_links":{"self":[{"href":"https:\/\/katarinahamilton.se\/sv\/wp-json\/wp\/v2\/pages\/3","targetHints":{"allow":["GET"]}}],"collection":[{"href":"https:\/\/katarinahamilton.se\/sv\/wp-json\/wp\/v2\/pages"}],"about":[{"href":"https:\/\/katarinahamilton.se\/sv\/wp-json\/wp\/v2\/types\/page"}],"author":[{"embeddable":true,"href":"https:\/\/katarinahamilton.se\/sv\/wp-json\/wp\/v2\/users\/12"}],"replies":[{"embeddable":true,"href":"https:\/\/katarinahamilton.se\/sv\/wp-json\/wp\/v2\/comments?post=3"}],"version-history":[{"count":4,"href":"https:\/\/katarinahamilton.se\/sv\/wp-json\/wp\/v2\/pages\/3\/revisions"}],"predecessor-version":[{"id":369873,"href":"https:\/\/katarinahamilton.se\/sv\/wp-json\/wp\/v2\/pages\/3\/revisions\/369873"}],"wp:attachment":[{"href":"https:\/\/katarinahamilton.se\/sv\/wp-json\/wp\/v2\/media?parent=3"}],"curies":[{"name":"wp","href":"https:\/\/api.w.org\/{rel}","templated":true}]}}