{"id":1745,"date":"2020-10-15T07:34:45","date_gmt":"2020-10-15T05:34:45","guid":{"rendered":"http:\/\/server03.blackpixel.se\/~katarina\/?page_id=1745"},"modified":"2026-04-09T23:26:51","modified_gmt":"2026-04-09T21:26:51","slug":"om-oss","status":"publish","type":"page","link":"https:\/\/katarinahamilton.se\/sv\/om-oss\/","title":{"rendered":"Om Oss"},"content":{"rendered":"<p>[vc_row content_placement=&#8221;middle&#8221; css=&#8221;.vc_custom_1535525027785{margin-bottom: 8vh !important;}&#8221;][vc_column woodmart_bg_position=&#8221;right-center&#8221; css=&#8221;.vc_custom_1617137204021{margin-bottom: 4vh !important;padding-right: 8% !important;padding-left: 8% !important;background-image: url(https:\/\/woodmart.xtemos.com\/wp-content\/uploads\/2018\/05\/book-quotes-svg.svg?id=19133) !important;background-position: 0 0 !important;background-repeat: no-repeat !important;}&#8221; offset=&#8221;vc_col-lg-7 vc_col-md-7&#8243; mobile_bg_img_hidden=&#8221;no&#8221; tablet_bg_img_hidden=&#8221;no&#8221; woodmart_parallax=&#8221;0&#8243; woodmart_sticky_column=&#8221;false&#8221; parallax_scroll=&#8221;no&#8221; mobile_reset_margin=&#8221;no&#8221; tablet_reset_margin=&#8221;no&#8221;]\t\n\t\t\t<div id=\"wd-6097acf669a1c\" class=\"woodmart-text-block-wrapper color-scheme-dark woodmart-title-size-custom woodmart-title-width-100 text-left vc_custom_1620553227075\">\n\t\t\t\t<div class=\"woodmart-title-container woodmart-text-block font-primary woodmart-font-weight-200\">\n\t\t\t\t\tFr\u00e5ga till Katarina Hamilton: Hur v\u00e4ljer du motiv och hur kommer de till?\t\t\t\t<\/div>\n\t\t\t\t\t\n\t\t\t<\/div>\n\t\t\t\n\t\t\t<div id=\"wd-69d80d23c9bcf\" class=\"woodmart-text-block-wrapper color-scheme- woodmart-title-size-custom woodmart-title-width-90 text-left vc_custom_1775766846140\">\n\t\t\t\t<div class=\"woodmart-title-container woodmart-text-block font-text woodmart-font-weight-400\">\n\t\t\t\t\t<\/p>\n<div id=\"wd-5fb81ab354665\" class=\"woodmart-text-block-wrapper color-scheme-dark woodmart-title-size-custom woodmart-title-width-100 text-left vc_custom_1605901391907\">\n<div class=\"woodmart-title-container woodmart-text-block font-primary woodmart-font-weight-500\">Det fina i kr\u00e5ks\u00e5ngen. Uttrycket \u00e4r gammalt. Och det \u00e4r precis det som \u00e4r s\u00e5 sp\u00e4nnande, hur det \u00e4r n\u00e5got fint med allt runt oss. Titta lite n\u00e4rmare och l\u00e5t processen ta en liten stund.<\/div>\n<div><\/div>\n<div>Att rita en bild eller ett m\u00f6nster blir varje g\u00e5ng en aktiv dialog med motivet. Och varje motiv har verkligen l\u00e4rt mig viktiga saker. Om livet, ljuset, samspel, kontraster, mod, \u00f6dmjukhet. Och humor. Den finns d\u00e4r, ligger och lurar d\u00e4r man minst anar. Runt omkring och i bilderna. Humorn \u00e4r allvarets b\u00e4sta kompis.<\/div>\n<\/div>\n<p>\t\t\t\t<\/div>\n\t\t\t\t\t\n\t\t\t<\/div>\n\t\t\t\n\t\t\t<div id=\"wd-69d80d46472c1\" class=\"woodmart-text-block-wrapper color-scheme- woodmart-title-size-custom woodmart-title-width-90 text-left vc_custom_1775767039676\">\n\t\t\t\t<div class=\"woodmart-title-container woodmart-text-block font-text woodmart-font-weight-400\">\n\t\t\t\t\tKatarina Hamilton f\u00f6ddes som norsk medborgare i svenska J\u00e4mtland men v\u00e4xte upp p\u00e5 Dalar\u00f6, Stockholms sk\u00e4rg\u00e5rd, som enda barnet i ett hem d\u00e4r kulturprofiler fr\u00e5n v\u00e4rldens alla h\u00f6rn tr\u00e4ffades runt k\u00f6ksbordet. Efter Adolf Fredriks musikgymnasium kom \u00e5r av studier i matematik, konst, musik, franska, kulturvetenskap, etnologi och arkivutredning, i Paris och Stockholm. Katarina \u00e4r mamma till fyra utflugna barn, tre s\u00f6ner och en dotter. F\u00f6rutom i Stockholm har Katarina som vuxen bott en l\u00e4ngre tid i Skara, V\u00e4sterg\u00f6tland och ett par \u00e5r i \u00d6stersund, J\u00e4mtland. Sedan 2015 \u00e4r hon tillbaka i Stockholm och bor idag i Gamla Stan, Stockholm. I huset p\u00e5 Dalar\u00f6 finns f\u00f6retaget med showroom, lager och atelj\u00e9 p\u00e5 lagom promenadavst\u00e5nd fr\u00e5n skogen, str\u00e4nder och g\u00e4sthamn.\t\t\t\t<\/div>\n\t\t\t\t\t\n\t\t\t<\/div>\n\t\t[\/vc_column][vc_column css=&#8221;.vc_custom_1525687309771{margin-bottom: 4vh !important;}&#8221; offset=&#8221;vc_col-lg-5 vc_col-md-5&#8243;][vc_single_image image=&#8221;2217&#8243; img_size=&#8221;full&#8221; alignment=&#8221;center&#8221; css=&#8221;.vc_custom_1612944319281{margin-bottom: 0px !important;}&#8221; parallax_scroll=&#8221;no&#8221;][vc_single_image image=&#8221;40498&#8243; img_size=&#8221;full&#8221; parallax_scroll=&#8221;no&#8221;][\/vc_column][\/vc_row][vc_row content_placement=&#8221;middle&#8221; css=&#8221;.vc_custom_1535525027785{margin-bottom: 8vh !important;}&#8221;][vc_column css=&#8221;.vc_custom_1525687309771{margin-bottom: 4vh !important;}&#8221; offset=&#8221;vc_col-lg-5 vc_col-md-5&#8243;][vc_video link=&#8221;https:\/\/www.youtube.com\/watch?v=GUi9LISaXvA&amp;feature=youtu.be&#8221; title=&#8221;En r\u00f6dhake landar p\u00e5 en disktrasa&#8221; image_poster_switch=&#8221;no&#8221;][\/vc_column][vc_column woodmart_bg_position=&#8221;right-center&#8221; css=&#8221;.vc_custom_1525687315699{margin-bottom: 4vh !important;padding-right: 8% !important;padding-left: 8% !important;background-image: url(https:\/\/woodmart.xtemos.com\/wp-content\/uploads\/2018\/05\/book-quotes-svg.svg?id=19133) !important;background-position: 0 0 !important;background-repeat: no-repeat !important;}&#8221; offset=&#8221;vc_col-lg-7 vc_col-md-7&#8243;]\t\n\t\t\t<div id=\"wd-5fb7ca7a16c59\" class=\"woodmart-text-block-wrapper color-scheme-dark woodmart-title-size-custom woodmart-title-width-100 text-left vc_custom_1605880462693\">\n\t\t\t\t<div class=\"woodmart-title-container woodmart-text-block font-primary woodmart-font-weight-400\">\n\t\t\t\t\tSm\u00e5 ljusa sidor av livet. Sedan 1993.<\/p>\n<p>Tillverkat i Sverige. S\u00e5klart.\t\t\t\t<\/div>\n\t\t\t\t\t\n\t\t\t<\/div>\n\t\t\t\n\t\t\t<div id=\"wd-5fb7cbe1e7c0d\" class=\"woodmart-text-block-wrapper color-scheme-dark woodmart-title-size-custom woodmart-title-width-100 text-left vc_custom_1605880889393\">\n\t\t\t\t<div class=\"woodmart-title-container woodmart-text-block font-primary woodmart-font-weight-400\">\n\t\t\t\t\tSaker tillverkade med omsorg som man vill ha l\u00e4nge. Det \u00e4r h\u00e5llbart p\u00e5 riktigt.<\/p>\n<p>\t\t\t\t<\/div>\n\t\t\t\t\t\n\t\t\t<\/div>\n\t\t\t\n\t\t\t<div id=\"wd-5fb7cc4ba2413\" class=\"woodmart-text-block-wrapper color-scheme- woodmart-title-size-custom woodmart-title-width-90 text-left vc_custom_1605881112218\">\n\t\t\t\t<div class=\"woodmart-title-container woodmart-text-block font-text woodmart-font-weight-400\">\n\t\t\t\t\tAllt i\u00a0 katarinahamilton sortimentet \u00e4r tillverkat i Sverige av producenter vi har utvecklat ett l\u00e5ngt samarbete med. Vi diskuterar f\u00f6r\u00e4ndringrar och kvalit\u00e9er. Det h\u00e4r med milj\u00f6t\u00e4nk, material, metoder och verktyg \u00e4r viktigt n\u00e4r saker ska produceras f\u00f6r att kunna h\u00e5lla l\u00e4nge, b\u00e5de i material, funktion och upplevelse.<\/p>\n<p>\t\t\t\t<\/div>\n\t\t\t\t\t\n\t\t\t<\/div>\n\t\t[\/vc_column][\/vc_row][vc_row content_placement=&#8221;middle&#8221; css=&#8221;.vc_custom_1535525027785{margin-bottom: 8vh !important;}&#8221;][vc_column woodmart_bg_position=&#8221;right-center&#8221; css=&#8221;.vc_custom_1525687315699{margin-bottom: 4vh !important;padding-right: 8% !important;padding-left: 8% !important;background-image: url(https:\/\/woodmart.xtemos.com\/wp-content\/uploads\/2018\/05\/book-quotes-svg.svg?id=19133) !important;background-position: 0 0 !important;background-repeat: no-repeat !important;}&#8221; offset=&#8221;vc_col-lg-7 vc_col-md-7&#8243;]\t\n\t\t\t<div id=\"wd-60263ab6bc08c\" class=\"woodmart-text-block-wrapper color-scheme- woodmart-title-size-custom woodmart-title-width-90 text-left vc_custom_1613118164820\">\n\t\t\t\t<div class=\"woodmart-title-container woodmart-text-block font-text woodmart-font-weight-400\">\n\t\t\t\t\tARTEKIA \u00e4r f\u00f6retaget bakom varum\u00e4rket katarinahamilton och verksamheten drivs fr\u00e5n Dalar\u00f6, fyra mil sydost om Stockholm.<\/p>\n<p>Adress: Bj\u00f6rk\u00f6v\u00e4gen 3, Dalar\u00f6\u00a0 \u00a0 Telefon: 076-8703100<\/p>\n<p>VAT-nr: SE571016820301<\/p>\n<p>Bes\u00f6kare \u00e4r v\u00e4lkomna till v\u00e5rt Caf\u00e9 &amp; Butik, f\u00f6r \u00f6ppet-tider och mer infomation, g\u00e5 in p\u00e5 &#8220;Bes\u00f6k oss&#8221; i huvudmenyn.\t\t\t\t<\/div>\n\t\t\t\t\t\n\t\t\t<\/div>\n\t\t[\/vc_column][vc_column css=&#8221;.vc_custom_1525687309771{margin-bottom: 4vh !important;}&#8221; offset=&#8221;vc_col-lg-5 vc_col-md-5&#8243;][vc_single_image image=&#8221;40552&#8243; img_size=&#8221;full&#8221; parallax_scroll=&#8221;no&#8221;][\/vc_column][\/vc_row]<\/p>\n","protected":false},"excerpt":{"rendered":"<p>[vc_row content_placement=&#8221;middle&#8221; css=&#8221;.vc_custom_1535525027785{margin-bottom: 8vh !important;}&#8221;][vc_column woodmart_bg_position=&#8221;right-center&#8221; css=&#8221;.vc_custom_1617137204021{margin-bottom: 4vh !important;padding-right: 8% !important;padding-left: 8% !important;background-image: url(https:\/\/woodmart.xtemos.com\/wp-content\/uploads\/2018\/05\/book-quotes-svg.svg?id=19133) !important;background-position: 0 0 !important;background-repeat: no-repeat !important;}&#8221;<\/p>\n","protected":false},"author":12,"featured_media":0,"parent":0,"menu_order":0,"comment_status":"closed","ping_status":"closed","template":"","meta":{"_monsterinsights_skip_tracking":false,"_monsterinsights_sitenote_active":false,"_monsterinsights_sitenote_note":"","_monsterinsights_sitenote_category":0,"footnotes":""},"class_list":["post-1745","page","type-page","status-publish","hentry"],"_links":{"self":[{"href":"https:\/\/katarinahamilton.se\/sv\/wp-json\/wp\/v2\/pages\/1745","targetHints":{"allow":["GET"]}}],"collection":[{"href":"https:\/\/katarinahamilton.se\/sv\/wp-json\/wp\/v2\/pages"}],"about":[{"href":"https:\/\/katarinahamilton.se\/sv\/wp-json\/wp\/v2\/types\/page"}],"author":[{"embeddable":true,"href":"https:\/\/katarinahamilton.se\/sv\/wp-json\/wp\/v2\/users\/12"}],"replies":[{"embeddable":true,"href":"https:\/\/katarinahamilton.se\/sv\/wp-json\/wp\/v2\/comments?post=1745"}],"version-history":[{"count":37,"href":"https:\/\/katarinahamilton.se\/sv\/wp-json\/wp\/v2\/pages\/1745\/revisions"}],"predecessor-version":[{"id":370387,"href":"https:\/\/katarinahamilton.se\/sv\/wp-json\/wp\/v2\/pages\/1745\/revisions\/370387"}],"wp:attachment":[{"href":"https:\/\/katarinahamilton.se\/sv\/wp-json\/wp\/v2\/media?parent=1745"}],"curies":[{"name":"wp","href":"https:\/\/api.w.org\/{rel}","templated":true}]}}