{"id":1724,"date":"2020-10-14T15:41:12","date_gmt":"2020-10-14T13:41:12","guid":{"rendered":"http:\/\/server03.blackpixel.se\/~katarina\/?page_id=1724"},"modified":"2026-04-09T23:47:34","modified_gmt":"2026-04-09T21:47:34","slug":"visit-us","status":"publish","type":"page","link":"https:\/\/katarinahamilton.se\/sv\/visit-us\/","title":{"rendered":"Bes\u00f6k Oss"},"content":{"rendered":"<p>[vc_row][vc_column][vc_single_image source=&#8221;external_link&#8221; external_img_size=&#8221;400&#215;400&#8243; alignment=&#8221;center&#8221; parallax_scroll=&#8221;no&#8221; custom_src=&#8221;https:\/\/katarinahamilton.se\/wp-content\/uploads\/2025\/05\/Kias_tradgardskafe-butik_2025_oppet-lapp.png&#8221;][\/vc_column][\/vc_row][vc_row][vc_column]\t\n\t\t\t<div id=\"wd-67f4fc3086b3d\" class=\"woodmart-text-block-wrapper color-scheme- woodmart-title-size-extra-large woodmart-title-width-100 text-center vc_custom_1744108610479\">\n\t\t\t\t<div class=\"woodmart-title-container woodmart-text-block font-primary woodmart-font-weight-100\">\n\t\t\t\t\t<\/p>\n<p style=\"text-align: center;\">Bes\u00f6k oss sommar!<\/p>\n<p>\t\t\t\t<\/div>\n\t\t\t\t\t\n\t\t\t<\/div>\n\t\t[\/vc_column][\/vc_row][vc_row][vc_column]\t\n\t\t\t<div id=\"wd-69d81a601b812\" class=\"woodmart-text-block-wrapper color-scheme- woodmart-title-size-default woodmart-title-width-100 text-center vc_custom_1775770213947\">\n\t\t\t\t<div class=\"woodmart-title-container woodmart-text-block font-primary woodmart-font-weight-100\">\n\t\t\t\t\t<\/p>\n<div dir=\"auto\" style=\"text-align: center;\">\n<p dir=\"auto\">Kias Tr\u00e4dg\u00e5rdskaf\u00e9 &amp; Butik<\/p>\n<p><span class=\"x3nfvp2 x1j61x8r x1fcty0u xdj266r xhhsvwb xat24cr xgzva0m xxymvpz xlup9mm x1kky2od\" style=\"color: #1b1919; font-size: 24px;\"><span style=\"color: #333333; font-size: 16px;\">\u00d6PPET sommars\u00e4songen 2026, 2 juni &#8211; 20 augusti: tisdag till torsdag 14.00-17.00.<\/span><\/span><\/p>\n<p>I min h\u00e4rliga gamla tr\u00e4dg\u00e5rd sitter man sk\u00f6nt och vackert, i sol eller i skugga. Kommer regnet g\u00e5r det bra att sl\u00e5 sig ner vid borden inne i butiken och i musikhuset\/atelj\u00e9n. Sedan 2019 \u00e4r det mitt &#8220;sommarn\u00f6je&#8221; att ta p\u00e5 mig f\u00f6rkl\u00e4det och baka mina favoritbr\u00f6d,\u00a0 \u00f6ppna atelj\u00e9n, m\u00f6blera tr\u00e4dg\u00e5rden och h\u00e4lsa bes\u00f6kare v\u00e4lkomna. En j\u00e4tteh\u00e4rlig kontrast till det koncentrerade ensam-arbetet i mitt designf\u00f6retag resten av \u00e5ret. V\u00e4lkommen att pausa med en kaffe och n\u00e5got gott till och unna dig en inspirerande shoppingtur inne i butiken.<\/p>\n<p>Under sommaren f\u00e5r showroom bli butik. H\u00e4r hittar du hela katarinahamilton-sortimentet, alla nyheter och klassiker. Med min typiska brokiga blandning av motiv och m\u00f6nster det \u00e4r ju s\u00e5 mycket som \u00e4r fascinerande att rita &#8211; livet i vildmarken, kultur och traditioner, tr\u00e4dg\u00e5rd och svenska veteranfordon och annan nostalgia.<\/p>\n<div dir=\"auto\">Sj\u00e4lvklart finns julsortimentet framne f\u00f6r dig som vill handla f\u00f6r hela \u00e5ret.<\/div>\n<div dir=\"auto\"><\/div>\n<div dir=\"auto\">&#8220;Kia&#8221; \/ Katarina H<\/div>\n<div dir=\"auto\">katarinahamilton of Scandinavia<\/div>\n<div dir=\"auto\">\u00a0Adress: Bj\u00f6rk\u00f6v\u00e4gen 3, Schweizerdalen, Dalar\u00f6\u00a0 tel: +46 (0)768-703100<\/div>\n<\/div>\n<div dir=\"auto\"><\/div>\n<p>\t\t\t\t<\/div>\n\t\t\t\t\t\n\t\t\t<\/div>\n\t\t[\/vc_column][\/vc_row][vc_row content_placement=&#8221;middle&#8221; css=&#8221;.vc_custom_1535525027785{margin-bottom: 8vh !important;}&#8221;][vc_column][vc_single_image image=&#8221;369577&#8243; img_size=&#8221;full&#8221; alignment=&#8221;center&#8221; parallax_scroll=&#8221;no&#8221; css=&#8221;.vc_custom_1718311516213{margin-top: 40px !important;}&#8221;][\/vc_column][\/vc_row][vc_row][vc_column]\t\n\t\t\t<div id=\"wd-666b5c6509f6e\" class=\"woodmart-text-block-wrapper color-scheme- woodmart-title-size-default woodmart-title-width-100 text-center \">\n\t\t\t\t<div class=\"woodmart-title-container woodmart-text-block font-primary woodmart-font-weight-200\">\n\t\t\t\t\t<\/p>\n<p style=\"text-align: center;\">Vi finns fyra mil sydost om Stockholm City.<\/p>\n<p style=\"text-align: center;\">Med allm\u00e4nna f\u00e4rdmedel fr\u00e5n Stockholm:<\/p>\n<p style=\"text-align: center;\">Ta pendelt\u00e5g mot Nyn\u00e4shamn, kliv av i Handen och forts\u00e4tt med buss 839 mot Dalar\u00f6 &#8211; g\u00e5 av vid h\u00e5llplats &#8220;V\u00e4stra Vadviken&#8221;, d\u00e4rifr\u00e5n ca 500 m promenad: g\u00e5 ca 50 meter tillbaka fr\u00e5n h\u00e5llplatsen ta v\u00e4nster in p\u00e5 Orn\u00f6v\u00e4gen forts\u00e4tt p\u00e5 den ca 400 meter, ta v\u00e4nster in p\u00e5 Bj\u00f6rk\u00f6v\u00e4gen, g\u00e5 40 m, framme!<\/p>\n<p style=\"text-align: center;\">Med bil fr\u00e5n Stockholm:<\/p>\n<p style=\"text-align: center;\">K\u00f6r v\u00e4g 73 mot Nyn\u00e4shamn, ta av mot Dalar\u00f6, v\u00e4g 227. Efter ca 20 km dyker det upp en 40skylt och en kraftig, l\u00e5ng h\u00f6gerkurva, efter den: sv\u00e4ng in h\u00f6ger, k\u00f6r rakt fram 400 meter, sv\u00e4ng v\u00e4nster, framme!<\/p>\n<p style=\"text-align: center;\">Adress: Bj\u00f6rk\u00f6v\u00e4gen 3, Schweizerdalen, Dalar\u00f6.\u00a0 \u00a0Telefon: 076-8703100<\/p>\n<p>\t\t\t\t<\/div>\n\t\t\t\t\t\n\t\t\t<\/div>\n\t\t[vc_single_image image=&#8221;2072&#8243; img_size=&#8221;large&#8221; alignment=&#8221;center&#8221; parallax_scroll=&#8221;no&#8221;][\/vc_column][\/vc_row][vc_row][vc_column][vc_single_image image=&#8221;369832&#8243; img_size=&#8221;full&#8221; alignment=&#8221;center&#8221; parallax_scroll=&#8221;no&#8221;][\/vc_column][\/vc_row]<\/p>\n","protected":false},"excerpt":{"rendered":"<p>[vc_row][vc_column][vc_single_image source=&#8221;external_link&#8221; external_img_size=&#8221;400&#215;400&#8243; alignment=&#8221;center&#8221; parallax_scroll=&#8221;no&#8221; custom_src=&#8221;https:\/\/katarinahamilton.se\/wp-content\/uploads\/2025\/05\/Kias_tradgardskafe-butik_2025_oppet-lapp.png&#8221;][\/vc_column][\/vc_row][vc_row][vc_column][\/vc_column][\/vc_row][vc_row][vc_column][\/vc_column][\/vc_row][vc_row content_placement=&#8221;middle&#8221; css=&#8221;.vc_custom_1535525027785{margin-bottom: 8vh !important;}&#8221;][vc_column][vc_single_image image=&#8221;369577&#8243; img_size=&#8221;full&#8221; alignment=&#8221;center&#8221; parallax_scroll=&#8221;no&#8221; css=&#8221;.vc_custom_1718311516213{margin-top: 40px !important;}&#8221;][\/vc_column][\/vc_row][vc_row][vc_column][vc_single_image image=&#8221;2072&#8243; img_size=&#8221;large&#8221; alignment=&#8221;center&#8221;<\/p>\n","protected":false},"author":201,"featured_media":0,"parent":0,"menu_order":0,"comment_status":"open","ping_status":"open","template":"","meta":{"_monsterinsights_skip_tracking":false,"_monsterinsights_sitenote_active":false,"_monsterinsights_sitenote_note":"","_monsterinsights_sitenote_category":0,"footnotes":""},"class_list":["post-1724","page","type-page","status-publish","hentry"],"_links":{"self":[{"href":"https:\/\/katarinahamilton.se\/sv\/wp-json\/wp\/v2\/pages\/1724","targetHints":{"allow":["GET"]}}],"collection":[{"href":"https:\/\/katarinahamilton.se\/sv\/wp-json\/wp\/v2\/pages"}],"about":[{"href":"https:\/\/katarinahamilton.se\/sv\/wp-json\/wp\/v2\/types\/page"}],"author":[{"embeddable":true,"href":"https:\/\/katarinahamilton.se\/sv\/wp-json\/wp\/v2\/users\/201"}],"replies":[{"embeddable":true,"href":"https:\/\/katarinahamilton.se\/sv\/wp-json\/wp\/v2\/comments?post=1724"}],"version-history":[{"count":251,"href":"https:\/\/katarinahamilton.se\/sv\/wp-json\/wp\/v2\/pages\/1724\/revisions"}],"predecessor-version":[{"id":370391,"href":"https:\/\/katarinahamilton.se\/sv\/wp-json\/wp\/v2\/pages\/1724\/revisions\/370391"}],"wp:attachment":[{"href":"https:\/\/katarinahamilton.se\/sv\/wp-json\/wp\/v2\/media?parent=1724"}],"curies":[{"name":"wp","href":"https:\/\/api.w.org\/{rel}","templated":true}]}}