{"id":1697,"date":"2020-10-14T10:48:57","date_gmt":"2020-10-14T08:48:57","guid":{"rendered":"http:\/\/server03.blackpixel.se\/~katarina\/?page_id=1697"},"modified":"2024-04-05T00:51:03","modified_gmt":"2024-04-04T22:51:03","slug":"kontakt","status":"publish","type":"page","link":"https:\/\/katarinahamilton.se\/sv\/kontakt\/","title":{"rendered":"Kontakt"},"content":{"rendered":"<p>[vc_row content_placement=&#8221;middle&#8221; css=&#8221;.vc_custom_1602848667542{margin-top: 5vh !important;margin-bottom: 8vh !important;}&#8221; el_id=&#8221;reverse&#8221; mobile_bg_img_hidden=&#8221;no&#8221; tablet_bg_img_hidden=&#8221;no&#8221; woodmart_parallax=&#8221;0&#8243; woodmart_gradient_switch=&#8221;no&#8221; row_reverse_mobile=&#8221;0&#8243; row_reverse_tablet=&#8221;0&#8243; woodmart_disable_overflow=&#8221;0&#8243;][vc_column css=&#8221;.vc_custom_1525687309771{margin-bottom: 4vh !important;}&#8221; offset=&#8221;vc_col-lg-5 vc_col-md-5&#8243;][vc_single_image image=&#8221;1577&#8243; img_size=&#8221;full&#8221; alignment=&#8221;center&#8221; css=&#8221;.vc_custom_1602847708091{margin-bottom: 0px !important;}&#8221; parallax_scroll=&#8221;no&#8221;][\/vc_column][vc_column woodmart_bg_position=&#8221;right-center&#8221; css=&#8221;.vc_custom_1525687315699{margin-bottom: 4vh !important;padding-right: 8% !important;padding-left: 8% !important;background-image: url(https:\/\/woodmart.xtemos.com\/wp-content\/uploads\/2018\/05\/book-quotes-svg.svg?id=19133) !important;background-position: 0 0 !important;background-repeat: no-repeat !important;}&#8221; offset=&#8221;vc_col-lg-7 vc_col-md-7&#8243;][vc_column_text text_larger=&#8221;no&#8221;]<\/p>\n<h1 style=\"text-align: left;\">Kontakt<\/h1>\n<p style=\"text-align: left;\">ARTEKIA &amp; katarinahamilton<\/p>\n<p style=\"text-align: left;\">Adress:<\/p>\n<p style=\"text-align: left;\">Bj\u00f6rk\u00f6v\u00e4gen 3<\/p>\n<p style=\"text-align: left;\">137 71 \u00a0Dalar\u00f6\u00a0 \u00a0\u2022\u00a0 SWEDEN\u00a0 \u2022\u00a0 SCANDINAVIA<\/p>\n<p style=\"text-align: left;\">E-Post:<\/p>\n<p style=\"text-align: left;\">info ( at ) katarinahamilton.se<br \/>\nsupport ( at ) katarinahamilton.se<br \/>\norder ( at ) katarinahamilton.se<\/p>\n<p style=\"text-align: left;\">[\/vc_column_text][\/vc_column][\/vc_row][vc_row][vc_column][\/vc_column][\/vc_row][vc_row content_placement=&#8221;middle&#8221; css=&#8221;.vc_custom_1535525027785{margin-bottom: 8vh !important;}&#8221;][vc_column css=&#8221;.vc_custom_1525687309771{margin-bottom: 4vh !important;}&#8221; offset=&#8221;vc_col-lg-5 vc_col-md-5&#8243;][vc_single_image image=&#8221;1789&#8243; img_size=&#8221;full&#8221; alignment=&#8221;center&#8221; css=&#8221;.vc_custom_1602850594912{margin-bottom: 0px !important;}&#8221; parallax_scroll=&#8221;no&#8221;][\/vc_column][\/vc_row][vc_row][vc_column][\/vc_column][\/vc_row]<\/p>\n","protected":false},"excerpt":{"rendered":"<p>[vc_row content_placement=&#8221;middle&#8221; css=&#8221;.vc_custom_1602848667542{margin-top: 5vh !important;margin-bottom: 8vh !important;}&#8221; el_id=&#8221;reverse&#8221; mobile_bg_img_hidden=&#8221;no&#8221; tablet_bg_img_hidden=&#8221;no&#8221; woodmart_parallax=&#8221;0&#8243; woodmart_gradient_switch=&#8221;no&#8221; row_reverse_mobile=&#8221;0&#8243; row_reverse_tablet=&#8221;0&#8243; woodmart_disable_overflow=&#8221;0&#8243;][vc_column css=&#8221;.vc_custom_1525687309771{margin-bottom: 4vh !important;}&#8221; offset=&#8221;vc_col-lg-5 vc_col-md-5&#8243;][vc_single_image<\/p>\n","protected":false},"author":12,"featured_media":0,"parent":0,"menu_order":0,"comment_status":"closed","ping_status":"closed","template":"","meta":{"_monsterinsights_skip_tracking":false,"_monsterinsights_sitenote_active":false,"_monsterinsights_sitenote_note":"","_monsterinsights_sitenote_category":0,"footnotes":""},"class_list":["post-1697","page","type-page","status-publish","hentry"],"_links":{"self":[{"href":"https:\/\/katarinahamilton.se\/sv\/wp-json\/wp\/v2\/pages\/1697","targetHints":{"allow":["GET"]}}],"collection":[{"href":"https:\/\/katarinahamilton.se\/sv\/wp-json\/wp\/v2\/pages"}],"about":[{"href":"https:\/\/katarinahamilton.se\/sv\/wp-json\/wp\/v2\/types\/page"}],"author":[{"embeddable":true,"href":"https:\/\/katarinahamilton.se\/sv\/wp-json\/wp\/v2\/users\/12"}],"replies":[{"embeddable":true,"href":"https:\/\/katarinahamilton.se\/sv\/wp-json\/wp\/v2\/comments?post=1697"}],"version-history":[{"count":32,"href":"https:\/\/katarinahamilton.se\/sv\/wp-json\/wp\/v2\/pages\/1697\/revisions"}],"predecessor-version":[{"id":369529,"href":"https:\/\/katarinahamilton.se\/sv\/wp-json\/wp\/v2\/pages\/1697\/revisions\/369529"}],"wp:attachment":[{"href":"https:\/\/katarinahamilton.se\/sv\/wp-json\/wp\/v2\/media?parent=1697"}],"curies":[{"name":"wp","href":"https:\/\/api.w.org\/{rel}","templated":true}]}}