{"id":890,"date":"2020-01-13T15:29:59","date_gmt":"2020-01-13T14:29:59","guid":{"rendered":"https:\/\/server03.blackpixel.se\/~hamilton\/produkt\/import-placeholder-for-473\/"},"modified":"2026-04-06T19:59:14","modified_gmt":"2026-04-06T17:59:14","slug":"card-tram-wagon-class-a12-sparvagn-typ-a12","status":"publish","type":"product","link":"https:\/\/katarinahamilton.se\/en\/produkt\/card-tram-wagon-class-a12-sparvagn-typ-a12\/","title":{"rendered":"card w envelope: &#8220;Tram wagon class A12&#8243;"},"content":{"rendered":"","protected":false},"excerpt":{"rendered":"<p>&#8220;Tram wagon class A12, ASEA Sweden 1924&#8221;<\/p>\n<p>Motor Tram no 342 of type A12 was manufactured in 1924 by ASEA, Sweden, for Stockholms Sp\u00e5rv\u00e4gar. No 342 was mainly in use on the Stockholm Tramway line 12 \u201dNockebybanan\u201d which until 1952 ran from Nockeby, Bromma to \u201dTegelbacken\u201d, central Stockholm, passing Stockholm City Hall. Today the tram No 342 is moved to Museisp\u00e5rv\u00e4gen Malmk\u00f6ping and the about 9000 daily passengers on tramway line 12 are travelling between Nockeby and Alvik in newer wagons. The picture shows the tram No 342 in the early 1930s. It had no rear view mirrors, no flashers but definitely a switch iron and a convenient ski rack mounted on the front. TECHNICAL FACTS: Type A12 was the first well functioning bogie motor tram. Four axles and four electric engines, 4x50hp. Length 41\u2019 11.15\u201d. Width 7\u2019 6.5\u201d. Height 12\u2019 5.6\u201d. Original weight 47 223 lb. Capacity 64 passengers.<\/p>\n","protected":false},"featured_media":369733,"comment_status":"open","ping_status":"closed","template":"","meta":{"_monsterinsights_skip_tracking":false,"_monsterinsights_sitenote_active":false,"_monsterinsights_sitenote_note":"","_monsterinsights_sitenote_category":0},"product_brand":[],"product_cat":[25],"product_tag":[909,1145,853,649],"class_list":{"0":"post-890","1":"product","2":"type-product","3":"status-publish","4":"has-post-thumbnail","6":"price_cat-kort-a","7":"product_cat-kort-med-kuvert","8":"product_tag-blue","9":"product_tag-vehicles","10":"product_tag-light-green","11":"product_tag-swedish-industry","13":"first","14":"instock","15":"taxable","16":"shipping-taxable","17":"purchasable","18":"product-type-simple"},"_links":{"self":[{"href":"https:\/\/katarinahamilton.se\/en\/wp-json\/wp\/v2\/product\/890","targetHints":{"allow":["GET"]}}],"collection":[{"href":"https:\/\/katarinahamilton.se\/en\/wp-json\/wp\/v2\/product"}],"about":[{"href":"https:\/\/katarinahamilton.se\/en\/wp-json\/wp\/v2\/types\/product"}],"replies":[{"embeddable":true,"href":"https:\/\/katarinahamilton.se\/en\/wp-json\/wp\/v2\/comments?post=890"}],"wp:featuredmedia":[{"embeddable":true,"href":"https:\/\/katarinahamilton.se\/en\/wp-json\/wp\/v2\/media\/369733"}],"wp:attachment":[{"href":"https:\/\/katarinahamilton.se\/en\/wp-json\/wp\/v2\/media?parent=890"}],"wp:term":[{"taxonomy":"product_brand","embeddable":true,"href":"https:\/\/katarinahamilton.se\/en\/wp-json\/wp\/v2\/product_brand?post=890"},{"taxonomy":"product_cat","embeddable":true,"href":"https:\/\/katarinahamilton.se\/en\/wp-json\/wp\/v2\/product_cat?post=890"},{"taxonomy":"product_tag","embeddable":true,"href":"https:\/\/katarinahamilton.se\/en\/wp-json\/wp\/v2\/product_tag?post=890"}],"curies":[{"name":"wp","href":"https:\/\/api.w.org\/{rel}","templated":true}]}}