{"id":370281,"date":"2026-03-01T20:39:19","date_gmt":"2026-03-01T19:39:19","guid":{"rendered":"https:\/\/katarinahamilton.se\/?post_type=product&#038;p=370281"},"modified":"2026-04-06T17:02:53","modified_gmt":"2026-04-06T15:02:53","slug":"svensk-disktrasa-svenska-sittmobler","status":"publish","type":"product","link":"https:\/\/katarinahamilton.se\/en\/produkt\/svensk-disktrasa-svenska-sittmobler\/","title":{"rendered":"Swedish dishcloth: &#8220;Swedish sitting furniture&#8221;"},"content":{"rendered":"","protected":false},"excerpt":{"rendered":"<div class=\"page\" title=\"Page 1\">\n<div class=\"section\">\n<div class=\"layoutArea\">\n<div class=\"column\">\n<div class=\"page\" title=\"Page 1\">\n<div class=\"section\">\n<div class=\"layoutArea\">\n<div class=\"column\">\n<p>Swedish sitting furniture: Emma\u00a0 \u2022\u00a0 skrattstol (laugh chair)\u00a0 \u2022\u00a0 G\u00f6teborgsstol (Gothenburg chair)\u00a0 \u2022\u00a0 k\u00f6kssoffa (kitchen couch)\u00a0 \u2022\u00a0 Gripsholmsf\u00e5t\u00f6lj (Gripsholm armchair)\u00a0 \u2022\u00a0 munkstol (monks chair)\u00a0 \u2022\u00a0 puff (pouf)\u00a0 \u2022\u00a0 ljugarb\u00e4nk (liers bench)\u00a0 \u2022\u00a0 Leksandsstol (Leksand chair)\u00a0 \u2022\u00a0 nollstol (zero chair)\u00a0 \u2022\u00a0 perukstol (wig chair)\u00a0 \u2022\u00a0 mj\u00f6lkpall (milking stool)\u00a0 \u2022\u00a0 and down in the right corner &#8211; the &#8220;\u00f6ronlappsf\u00e5t\u00f6lj&#8221; (&#8220;ear-flap-armchair&#8221;).<\/p>\n<\/div>\n<\/div>\n<\/div>\n<\/div>\n<p>\u00a9 Katarina Hamilton<\/p>\n<\/div>\n<\/div>\n<\/div>\n<\/div>\n","protected":false},"featured_media":370332,"comment_status":"open","ping_status":"closed","template":"","meta":{"_monsterinsights_skip_tracking":false,"_monsterinsights_sitenote_active":false,"_monsterinsights_sitenote_note":"","_monsterinsights_sitenote_category":0},"product_brand":[],"product_cat":[617,619,22],"product_tag":[909,879,726,626,271],"class_list":{"0":"post-370281","1":"product","2":"type-product","3":"status-publish","4":"has-post-thumbnail","6":"price_cat-disktrasa-a","7":"product_cat-swedish-dishcloths","8":"product_cat-kitchen_and_table","9":"product_cat-news","10":"product_tag-blue","11":"product_tag-green","12":"product_tag-yellow","13":"product_tag-red","14":"product_tag-sweden","16":"first","17":"instock","18":"taxable","19":"shipping-taxable","20":"purchasable","21":"product-type-simple"},"_links":{"self":[{"href":"https:\/\/katarinahamilton.se\/en\/wp-json\/wp\/v2\/product\/370281","targetHints":{"allow":["GET"]}}],"collection":[{"href":"https:\/\/katarinahamilton.se\/en\/wp-json\/wp\/v2\/product"}],"about":[{"href":"https:\/\/katarinahamilton.se\/en\/wp-json\/wp\/v2\/types\/product"}],"replies":[{"embeddable":true,"href":"https:\/\/katarinahamilton.se\/en\/wp-json\/wp\/v2\/comments?post=370281"}],"wp:featuredmedia":[{"embeddable":true,"href":"https:\/\/katarinahamilton.se\/en\/wp-json\/wp\/v2\/media\/370332"}],"wp:attachment":[{"href":"https:\/\/katarinahamilton.se\/en\/wp-json\/wp\/v2\/media?parent=370281"}],"wp:term":[{"taxonomy":"product_brand","embeddable":true,"href":"https:\/\/katarinahamilton.se\/en\/wp-json\/wp\/v2\/product_brand?post=370281"},{"taxonomy":"product_cat","embeddable":true,"href":"https:\/\/katarinahamilton.se\/en\/wp-json\/wp\/v2\/product_cat?post=370281"},{"taxonomy":"product_tag","embeddable":true,"href":"https:\/\/katarinahamilton.se\/en\/wp-json\/wp\/v2\/product_tag?post=370281"}],"curies":[{"name":"wp","href":"https:\/\/api.w.org\/{rel}","templated":true}]}}