{"id":369398,"date":"2023-11-13T16:47:48","date_gmt":"2023-11-13T15:47:48","guid":{"rendered":"https:\/\/katarinahamilton.se\/?post_type=product&#038;p=369398"},"modified":"2026-04-06T17:21:53","modified_gmt":"2026-04-06T15:21:53","slug":"kort-m-kuvert-dans-runt-granen","status":"publish","type":"product","link":"https:\/\/katarinahamilton.se\/en\/produkt\/kort-m-kuvert-dans-runt-granen\/","title":{"rendered":"card w envelope: &#8220;Dance around the Christmas Tree&#8221;"},"content":{"rendered":"","protected":false},"excerpt":{"rendered":"<p class=\"p1\">Sn\u00f6flingorna f\u00e5ngar upp ljuset fr\u00e5n stj\u00e4rnorna p\u00e5 n\u00e5t obegripligt s\u00e4tt. Och de dansar s\u00e5 obekymrat ner till marken. Katten har provat att jaga dem f\u00f6rut. Kanske det \u00e4r v\u00e4rt att prova igen. Fast just nu \u00e4r det v\u00e4ldigt sk\u00f6nt att vara h\u00e4r inne i v\u00e4rmen.<\/p>\n<p class=\"p1\">\n","protected":false},"featured_media":369396,"comment_status":"open","ping_status":"closed","template":"","meta":{"_monsterinsights_skip_tracking":false,"_monsterinsights_sitenote_active":false,"_monsterinsights_sitenote_note":"","_monsterinsights_sitenote_category":0},"product_brand":[],"product_cat":[885,25],"product_tag":[879,157,626,394],"class_list":{"0":"post-369398","1":"product","2":"type-product","3":"status-publish","4":"has-post-thumbnail","6":"price_cat-kort-a","7":"product_cat-christmas","8":"product_cat-kort-med-kuvert","9":"product_tag-green","10":"product_tag-christmas","11":"product_tag-red","12":"product_tag-tomtar","14":"first","15":"instock","16":"taxable","17":"shipping-taxable","18":"purchasable","19":"product-type-simple"},"_links":{"self":[{"href":"https:\/\/katarinahamilton.se\/en\/wp-json\/wp\/v2\/product\/369398","targetHints":{"allow":["GET"]}}],"collection":[{"href":"https:\/\/katarinahamilton.se\/en\/wp-json\/wp\/v2\/product"}],"about":[{"href":"https:\/\/katarinahamilton.se\/en\/wp-json\/wp\/v2\/types\/product"}],"replies":[{"embeddable":true,"href":"https:\/\/katarinahamilton.se\/en\/wp-json\/wp\/v2\/comments?post=369398"}],"wp:featuredmedia":[{"embeddable":true,"href":"https:\/\/katarinahamilton.se\/en\/wp-json\/wp\/v2\/media\/369396"}],"wp:attachment":[{"href":"https:\/\/katarinahamilton.se\/en\/wp-json\/wp\/v2\/media?parent=369398"}],"wp:term":[{"taxonomy":"product_brand","embeddable":true,"href":"https:\/\/katarinahamilton.se\/en\/wp-json\/wp\/v2\/product_brand?post=369398"},{"taxonomy":"product_cat","embeddable":true,"href":"https:\/\/katarinahamilton.se\/en\/wp-json\/wp\/v2\/product_cat?post=369398"},{"taxonomy":"product_tag","embeddable":true,"href":"https:\/\/katarinahamilton.se\/en\/wp-json\/wp\/v2\/product_tag?post=369398"}],"curies":[{"name":"wp","href":"https:\/\/api.w.org\/{rel}","templated":true}]}}