{"id":2291,"date":"2020-11-26T00:46:49","date_gmt":"2020-11-25T23:46:49","guid":{"rendered":"http:\/\/katarinahamilton.se\/?post_type=product&#038;p=2291"},"modified":"2026-04-06T17:54:20","modified_gmt":"2026-04-06T15:54:20","slug":"kort-m-kuvert-snogubbe","status":"publish","type":"product","link":"https:\/\/katarinahamilton.se\/en\/produkt\/kort-m-kuvert-snogubbe\/","title":{"rendered":"card w envelope: &#8220;Snowman&#8221;"},"content":{"rendered":"","protected":false},"excerpt":{"rendered":"<p class=\"p1\">Det sn\u00f6ar och det \u00e4r precis lagom kallt f\u00f6r att rulla stora sn\u00f6bollar till en sn\u00f6gubbe. Med gamla hatten k\u00e4ckt p\u00e5 svaj, ett par lagom stora stenar till \u00f6gon och mun och en rej\u00e4l, lysande orange, morot till n\u00e4sa st\u00e5r sn\u00f6gubben trind och glad och utstr\u00e5lar att vintern \u00e4r alldeles underbar.<\/p>\n<p class=\"p1\">\n","protected":false},"featured_media":2284,"comment_status":"open","ping_status":"closed","template":"","meta":{"_monsterinsights_skip_tracking":false,"_monsterinsights_sitenote_active":false,"_monsterinsights_sitenote_note":"","_monsterinsights_sitenote_category":0},"product_brand":[],"product_cat":[885,25],"product_tag":[157,710,394,475],"class_list":{"0":"post-2291","1":"product","2":"type-product","3":"status-publish","4":"has-post-thumbnail","6":"price_cat-kort-a","7":"product_cat-christmas","8":"product_cat-kort-med-kuvert","9":"product_tag-christmas","10":"product_tag-snow","11":"product_tag-tomtar","12":"product_tag-winter","14":"first","15":"instock","16":"taxable","17":"shipping-taxable","18":"purchasable","19":"product-type-simple"},"_links":{"self":[{"href":"https:\/\/katarinahamilton.se\/en\/wp-json\/wp\/v2\/product\/2291","targetHints":{"allow":["GET"]}}],"collection":[{"href":"https:\/\/katarinahamilton.se\/en\/wp-json\/wp\/v2\/product"}],"about":[{"href":"https:\/\/katarinahamilton.se\/en\/wp-json\/wp\/v2\/types\/product"}],"replies":[{"embeddable":true,"href":"https:\/\/katarinahamilton.se\/en\/wp-json\/wp\/v2\/comments?post=2291"}],"wp:featuredmedia":[{"embeddable":true,"href":"https:\/\/katarinahamilton.se\/en\/wp-json\/wp\/v2\/media\/2284"}],"wp:attachment":[{"href":"https:\/\/katarinahamilton.se\/en\/wp-json\/wp\/v2\/media?parent=2291"}],"wp:term":[{"taxonomy":"product_brand","embeddable":true,"href":"https:\/\/katarinahamilton.se\/en\/wp-json\/wp\/v2\/product_brand?post=2291"},{"taxonomy":"product_cat","embeddable":true,"href":"https:\/\/katarinahamilton.se\/en\/wp-json\/wp\/v2\/product_cat?post=2291"},{"taxonomy":"product_tag","embeddable":true,"href":"https:\/\/katarinahamilton.se\/en\/wp-json\/wp\/v2\/product_tag?post=2291"}],"curies":[{"name":"wp","href":"https:\/\/api.w.org\/{rel}","templated":true}]}}