{"id":2235,"date":"2020-11-20T22:07:40","date_gmt":"2020-11-20T21:07:40","guid":{"rendered":"http:\/\/katarinahamilton.se\/?post_type=product&#038;p=2235"},"modified":"2025-10-22T21:42:05","modified_gmt":"2025-10-22T19:42:05","slug":"svensk-disktrasa-a-dishcloths-fantasy","status":"publish","type":"product","link":"https:\/\/katarinahamilton.se\/en\/produkt\/svensk-disktrasa-a-dishcloths-fantasy\/","title":{"rendered":"Swedish dishcloth: \u201d&#8221;A Dishcloths Wet Fantasy&#8221;"},"content":{"rendered":"","protected":false},"excerpt":{"rendered":"<p>Disktrasa: &#8220;Disktrasans V\u00e5ta Dr\u00f6m&#8221;<\/p>\n<p>H\u00e4r talar disktrasan om hur den vill ha det f\u00f6r att h\u00e5lla sig fr\u00e4sch och duktig l\u00e4nge, l\u00e4nge. Den \u00e4r tr\u00f6tt p\u00e5 att bli underskattad och bli sur i on\u00f6dan hela tiden, den \u00e4r ju gjord f\u00f6r att vara s\u00e5 bra.<\/p>\n<p>Komposterbar. Tv\u00e4ttbar. G\u00e5r att koka. H\u00e5llbart tillverkad. Milj\u00f6sparande. Snygg.<\/p>\n<p>Motiv och text \u00e4r tryckt med klassisk djupbl\u00e5 &#8220;porslinsbl\u00e5&#8221; f\u00e4rg p\u00e5 \u00e5tta olika grundf\u00e4rger.<\/p>\n<p>Tillverkad i Sverige av 70% cellulosa och 30% bomull. Design &amp; text Katarina Hamilton.<\/p>\n","protected":false},"featured_media":701,"comment_status":"open","ping_status":"closed","template":"","meta":{"_monsterinsights_skip_tracking":false,"_monsterinsights_sitenote_active":false,"_monsterinsights_sitenote_note":"","_monsterinsights_sitenote_category":0},"product_brand":[],"product_cat":[617,619],"product_tag":[703],"class_list":{"0":"post-2235","1":"product","2":"type-product","3":"status-publish","4":"has-post-thumbnail","6":"price_cat-disktrasa-a","7":"product_cat-swedish-dishcloths","8":"product_cat-kitchen_and_table","9":"product_tag-lyrics","10":"pa_color-blue","11":"pa_color-grey","12":"pa_color-lavender","13":"pa_color-lime","14":"pa_color-pink","15":"pa_color-tourquoise","16":"pa_color-warmred","17":"pa_color-white","19":"first","20":"instock","21":"taxable","22":"shipping-taxable","23":"purchasable","24":"product-type-variable"},"_links":{"self":[{"href":"https:\/\/katarinahamilton.se\/en\/wp-json\/wp\/v2\/product\/2235","targetHints":{"allow":["GET"]}}],"collection":[{"href":"https:\/\/katarinahamilton.se\/en\/wp-json\/wp\/v2\/product"}],"about":[{"href":"https:\/\/katarinahamilton.se\/en\/wp-json\/wp\/v2\/types\/product"}],"replies":[{"embeddable":true,"href":"https:\/\/katarinahamilton.se\/en\/wp-json\/wp\/v2\/comments?post=2235"}],"wp:featuredmedia":[{"embeddable":true,"href":"https:\/\/katarinahamilton.se\/en\/wp-json\/wp\/v2\/media\/701"}],"wp:attachment":[{"href":"https:\/\/katarinahamilton.se\/en\/wp-json\/wp\/v2\/media?parent=2235"}],"wp:term":[{"taxonomy":"product_brand","embeddable":true,"href":"https:\/\/katarinahamilton.se\/en\/wp-json\/wp\/v2\/product_brand?post=2235"},{"taxonomy":"product_cat","embeddable":true,"href":"https:\/\/katarinahamilton.se\/en\/wp-json\/wp\/v2\/product_cat?post=2235"},{"taxonomy":"product_tag","embeddable":true,"href":"https:\/\/katarinahamilton.se\/en\/wp-json\/wp\/v2\/product_tag?post=2235"}],"curies":[{"name":"wp","href":"https:\/\/api.w.org\/{rel}","templated":true}]}}