{"id":1075,"date":"2020-01-13T15:30:42","date_gmt":"2020-01-13T14:30:42","guid":{"rendered":"https:\/\/server03.blackpixel.se\/~hamilton\/produkt\/import-placeholder-for-1509\/"},"modified":"2026-04-06T18:24:58","modified_gmt":"2026-04-06T16:24:58","slug":"mini-zipper-pouch-swedish-women-composers-lillvaska-sv-kvinnliga-tonsattare","status":"publish","type":"product","link":"https:\/\/katarinahamilton.se\/en\/produkt\/mini-zipper-pouch-swedish-women-composers-lillvaska-sv-kvinnliga-tonsattare\/","title":{"rendered":"mini zipper bag: &#8220;Swedish Women Composers"},"content":{"rendered":"","protected":false},"excerpt":{"rendered":"<p>Lillv\u00e4ska tillverkas av 100% bomullstyg, svenskt handtryck och \u00e4r fodrad med ett smidigt vitt plastfoder. Varje produkt f\u00e5r sitt unika utseende genom att delarna klipps till av metervara.<\/p>\n","protected":false},"featured_media":729,"comment_status":"open","ping_status":"closed","template":"","meta":{"_monsterinsights_skip_tracking":false,"_monsterinsights_sitenote_active":false,"_monsterinsights_sitenote_note":"","_monsterinsights_sitenote_category":0},"product_brand":[],"product_cat":[631,21],"product_tag":[615,910,271,251],"class_list":{"0":"post-1075","1":"product","2":"type-product","3":"status-publish","4":"has-post-thumbnail","6":"price_cat-lillvaska","7":"product_cat-accessories","8":"product_cat-textil","9":"product_tag-women","10":"product_tag-music","11":"product_tag-sweden","12":"product_tag-composers","14":"first","15":"instock","16":"taxable","17":"shipping-taxable","18":"purchasable","19":"product-type-simple"},"_links":{"self":[{"href":"https:\/\/katarinahamilton.se\/en\/wp-json\/wp\/v2\/product\/1075","targetHints":{"allow":["GET"]}}],"collection":[{"href":"https:\/\/katarinahamilton.se\/en\/wp-json\/wp\/v2\/product"}],"about":[{"href":"https:\/\/katarinahamilton.se\/en\/wp-json\/wp\/v2\/types\/product"}],"replies":[{"embeddable":true,"href":"https:\/\/katarinahamilton.se\/en\/wp-json\/wp\/v2\/comments?post=1075"}],"wp:featuredmedia":[{"embeddable":true,"href":"https:\/\/katarinahamilton.se\/en\/wp-json\/wp\/v2\/media\/729"}],"wp:attachment":[{"href":"https:\/\/katarinahamilton.se\/en\/wp-json\/wp\/v2\/media?parent=1075"}],"wp:term":[{"taxonomy":"product_brand","embeddable":true,"href":"https:\/\/katarinahamilton.se\/en\/wp-json\/wp\/v2\/product_brand?post=1075"},{"taxonomy":"product_cat","embeddable":true,"href":"https:\/\/katarinahamilton.se\/en\/wp-json\/wp\/v2\/product_cat?post=1075"},{"taxonomy":"product_tag","embeddable":true,"href":"https:\/\/katarinahamilton.se\/en\/wp-json\/wp\/v2\/product_tag?post=1075"}],"curies":[{"name":"wp","href":"https:\/\/api.w.org\/{rel}","templated":true}]}}