{"id":1037,"date":"2020-01-13T15:30:30","date_gmt":"2020-01-13T14:30:30","guid":{"rendered":"https:\/\/server03.blackpixel.se\/~hamilton\/produkt\/import-placeholder-for-1219\/"},"modified":"2026-04-06T18:33:37","modified_gmt":"2026-04-06T16:33:37","slug":"swedish-dishcloth-disktrasans-vata-drom","status":"publish","type":"product","link":"https:\/\/katarinahamilton.se\/en\/produkt\/swedish-dishcloth-disktrasans-vata-drom\/","title":{"rendered":"Swedish dishcloth: \u201dDisktrasans V\u00e5ta Dr\u00f6m\u201d (Swedish for &#8220;A Dishcloths Wet Fantasy&#8221;)"},"content":{"rendered":"","protected":false},"excerpt":{"rendered":"<p>Disktrasa: &#8220;Disktrasans V\u00e5ta Dr\u00f6m&#8221;<\/p>\n<p>En lycklig disktrasa blir inte sur. H\u00e4r ber\u00e4ttar den sj\u00e4lv hur den kan h\u00e5lla sig fr\u00e4sch och duktig l\u00e4nge, l\u00e4nge. S\u00e5 varf\u00f6r inte ge den chansen? B\u00e5de vi och naturen tj\u00e4nar ju p\u00e5 det. Och vem vill inte ha en lycklig disktrasa i k\u00f6ket?<\/p>\n<p>Komposterbar. Tv\u00e4ttbar. G\u00e5r att koka. H\u00e5llbart tillverkad. Milj\u00f6sparande. Snygg.<\/p>\n<p>Motiv och text \u00e4r tryckt med klassisk djupbl\u00e5 &#8220;porslinsbl\u00e5&#8221; f\u00e4rg p\u00e5 \u00e5tta olika grundf\u00e4rger.<\/p>\n<p>Tillverkad i Sverige av 70% cellulosa och 30% bomull. Design &amp; text Katarina Hamilton.<\/p>\n","protected":false},"featured_media":675,"comment_status":"open","ping_status":"closed","template":"","meta":{"_monsterinsights_skip_tracking":false,"_monsterinsights_sitenote_active":false,"_monsterinsights_sitenote_note":"","_monsterinsights_sitenote_category":0},"product_brand":[],"product_cat":[617,619],"product_tag":[703],"class_list":{"0":"post-1037","1":"product","2":"type-product","3":"status-publish","4":"has-post-thumbnail","6":"price_cat-disktrasa-a","7":"product_cat-swedish-dishcloths","8":"product_cat-kitchen_and_table","9":"product_tag-lyrics","10":"pa_color-blue","11":"pa_color-grey","12":"pa_color-lavender","13":"pa_color-lime","14":"pa_color-pink","15":"pa_color-tourquoise","16":"pa_color-warmred","17":"pa_color-white","19":"first","20":"instock","21":"taxable","22":"shipping-taxable","23":"purchasable","24":"product-type-variable"},"_links":{"self":[{"href":"https:\/\/katarinahamilton.se\/en\/wp-json\/wp\/v2\/product\/1037","targetHints":{"allow":["GET"]}}],"collection":[{"href":"https:\/\/katarinahamilton.se\/en\/wp-json\/wp\/v2\/product"}],"about":[{"href":"https:\/\/katarinahamilton.se\/en\/wp-json\/wp\/v2\/types\/product"}],"replies":[{"embeddable":true,"href":"https:\/\/katarinahamilton.se\/en\/wp-json\/wp\/v2\/comments?post=1037"}],"wp:featuredmedia":[{"embeddable":true,"href":"https:\/\/katarinahamilton.se\/en\/wp-json\/wp\/v2\/media\/675"}],"wp:attachment":[{"href":"https:\/\/katarinahamilton.se\/en\/wp-json\/wp\/v2\/media?parent=1037"}],"wp:term":[{"taxonomy":"product_brand","embeddable":true,"href":"https:\/\/katarinahamilton.se\/en\/wp-json\/wp\/v2\/product_brand?post=1037"},{"taxonomy":"product_cat","embeddable":true,"href":"https:\/\/katarinahamilton.se\/en\/wp-json\/wp\/v2\/product_cat?post=1037"},{"taxonomy":"product_tag","embeddable":true,"href":"https:\/\/katarinahamilton.se\/en\/wp-json\/wp\/v2\/product_tag?post=1037"}],"curies":[{"name":"wp","href":"https:\/\/api.w.org\/{rel}","templated":true}]}}