{"id":1745,"date":"2020-10-15T07:34:45","date_gmt":"2020-10-15T05:34:45","guid":{"rendered":"http:\/\/server03.blackpixel.se\/~katarina\/?page_id=1745"},"modified":"2026-04-09T23:26:51","modified_gmt":"2026-04-09T21:26:51","slug":"om-oss","status":"publish","type":"page","link":"https:\/\/katarinahamilton.se\/en\/om-oss\/","title":{"rendered":"Our stories"},"content":{"rendered":"<p>[vc_row content_placement=&#8221;middle&#8221; css=&#8221;.vc_custom_1535525027785{margin-bottom: 8vh !important;}&#8221;][vc_column woodmart_bg_position=&#8221;right-center&#8221; css=&#8221;.vc_custom_1525687315699{margin-bottom: 4vh !important;padding-right: 8% !important;padding-left: 8% !important;background-image: url(https:\/\/woodmart.xtemos.com\/wp-content\/uploads\/2018\/05\/book-quotes-svg.svg?id=19133) !important;background-position: 0 0 !important;background-repeat: no-repeat !important;}&#8221; offset=&#8221;vc_col-lg-7 vc_col-md-7&#8243;]\t\n\t\t\t<div id=\"wd-69d8161f76d84\" class=\"woodmart-text-block-wrapper color-scheme-dark woodmart-title-size-custom woodmart-title-width-100 text-left vc_custom_1775769971168\">\n\t\t\t\t<div class=\"woodmart-title-container woodmart-text-block font-primary woodmart-font-weight-400\">\n\t\t\t\t\t<\/p>\n<p>The story of all my designs and all the products is simple &#8211; I love to reveal marvels, and I love to share what I reveal.\t\t\t\t<\/div>\n\t\t\t\t\t\n\t\t\t<\/div>\n\t\t\t\n\t\t\t<div id=\"wd-69d81601c4704\" class=\"woodmart-text-block-wrapper color-scheme- woodmart-title-size-custom woodmart-title-width-90 text-left vc_custom_1775769113092\">\n\t\t\t\t<div class=\"woodmart-title-container woodmart-text-block font-text woodmart-font-weight-400\">\n\t\t\t\t\t<\/p>\n<div id=\"wd-5fb81ab354665\" class=\"woodmart-text-block-wrapper color-scheme-dark woodmart-title-size-custom woodmart-title-width-100 text-left vc_custom_1605901391907\">\n<div class=\"woodmart-title-container woodmart-text-block font-primary woodmart-font-weight-500\">&#8220;When I am drawing it is all about the motive. It is as if it tells me how it want to be captured and presented. And I keep on working on the illustration or pattern until the motive looks content. Sometimes for weeks. Sometimes it is done in a few hours.&#8221;<\/div>\n<\/div>\n<div><\/div>\n<div>The brand katarinahamilton of Scandinavia was founded in 1993.<\/div>\n<div>Apart from her own brand Katarina has worked with numerous assignments for private customers, museums and small and large corporations. She has designed logos, art directed campaigns, painted large murals for private homes and museums, as the Meditarrenian museum and the National Museum of Science and Technology in Stockholm. She has designed exhibitions for the Music museum in Stockholm, for the Natural History Museum and others.<\/div>\n<p>\t\t\t\t<\/div>\n\t\t\t\t\t\n\t\t\t<\/div>\n\t\t\t\n\t\t\t<div id=\"wd-69d815d550658\" class=\"woodmart-text-block-wrapper color-scheme- woodmart-title-size-custom woodmart-title-width-90 text-left vc_custom_1775769077980\">\n\t\t\t\t<div class=\"woodmart-title-container woodmart-text-block font-text woodmart-font-weight-400\">\n\t\t\t\t\t&#8220;I was born in northern Sweden with a norwegian citizenship. The family moved early southwards and I grew up in the Archipelago of Stockholm in the village called Dalar\u00f6. Our home was frequently visited by culture\/creativity-workers, musicians, authors from all corners of the world. Music and art started early for me and I went to a music school called Adolf Fredrik in Stockholm. I have lived in different parts of Sweden and in Paris. Today I&#8217;m resident in Old Town, Stockholm and have my company based at my house at Dalar\u00f6. Showroom, stock, office, and studio. During the summer I let the showroom transform into a summer shop and my lovely old garden into a garden caf\u00e9 with comfortable chairs, tables and sunshades. I love baking so the bread, buns and cookies are made on site from my own recipies. Welcome to visit!&#8221;\u00a0 \/Katarina\t\t\t\t<\/div>\n\t\t\t\t\t\n\t\t\t<\/div>\n\t\t[\/vc_column][vc_column css=&#8221;.vc_custom_1525687309771{margin-bottom: 4vh !important;}&#8221; offset=&#8221;vc_col-lg-5 vc_col-md-5&#8243;][vc_single_image image=&#8221;2217&#8243; img_size=&#8221;full&#8221; alignment=&#8221;center&#8221; css=&#8221;.vc_custom_1612944115453{margin-bottom: 0px !important;}&#8221; parallax_scroll=&#8221;no&#8221;][vc_single_image image=&#8221;40498&#8243; img_size=&#8221;full&#8221; parallax_scroll=&#8221;no&#8221;][\/vc_column][\/vc_row][vc_row content_placement=&#8221;middle&#8221; css=&#8221;.vc_custom_1535525027785{margin-bottom: 8vh !important;}&#8221;][vc_column css=&#8221;.vc_custom_1525687309771{margin-bottom: 4vh !important;}&#8221; offset=&#8221;vc_col-lg-5 vc_col-md-5&#8243;][vc_video link=&#8221;https:\/\/www.youtube.com\/watch?v=GUi9LISaXvA&amp;feature=youtu.be&#8221; image_poster_switch=&#8221;no&#8221;][\/vc_column][vc_column woodmart_bg_position=&#8221;right-center&#8221; css=&#8221;.vc_custom_1525687315699{margin-bottom: 4vh !important;padding-right: 8% !important;padding-left: 8% !important;background-image: url(https:\/\/woodmart.xtemos.com\/wp-content\/uploads\/2018\/05\/book-quotes-svg.svg?id=19133) !important;background-position: 0 0 !important;background-repeat: no-repeat !important;}&#8221; offset=&#8221;vc_col-lg-7 vc_col-md-7&#8243;]\t\n\t\t\t<div id=\"wd-6011f3d48cedc\" class=\"woodmart-text-block-wrapper color-scheme-dark woodmart-title-size-custom woodmart-title-width-100 text-left vc_custom_1611789307354\">\n\t\t\t\t<div class=\"woodmart-title-container woodmart-text-block font-primary woodmart-font-weight-400\">\n\t\t\t\t\tLittle bright sides of Life. Since 1993.<\/p>\n<p>Made in Sweden. Naturally.\t\t\t\t<\/div>\n\t\t\t\t\t\n\t\t\t<\/div>\n\t\t\t\n\t\t\t<div id=\"wd-60246debc68c6\" class=\"woodmart-text-block-wrapper color-scheme-dark woodmart-title-size-custom woodmart-title-width-100 text-left vc_custom_1613000203292\">\n\t\t\t\t<div class=\"woodmart-title-container woodmart-text-block font-primary woodmart-font-weight-400\">\n\t\t\t\t\tThings made thoroughly with passion are the ones we gladly want to keep for ever. That&#8217;s sustainability for real.\t\t\t\t<\/div>\n\t\t\t\t\t\n\t\t\t<\/div>\n\t\t\t\n\t\t\t<div id=\"wd-6011f49bf119b\" class=\"woodmart-text-block-wrapper color-scheme- woodmart-title-size-custom woodmart-title-width-90 text-left vc_custom_1611790255982\">\n\t\t\t\t<div class=\"woodmart-title-container woodmart-text-block font-text woodmart-font-weight-400\">\n\t\t\t\t\tEverything in the Katarina Hamilton of Scandinavia collection is designed by Katarina Hamilton herself and manufactured in Sweden by craftsmen with handed down traditions and skills since many years. For every new product we discuss and develop procedures, qualities, tools. Our mutual concern for environmentally friendly materials, methods and tools is fundamental. We want every product to have a long and appreciated life, for looks, material and the feeling it brings forward in you.\t\t\t\t<\/div>\n\t\t\t\t\t\n\t\t\t<\/div>\n\t\t[\/vc_column][\/vc_row][vc_row content_placement=&#8221;middle&#8221; css=&#8221;.vc_custom_1535525027785{margin-bottom: 8vh !important;}&#8221;][vc_column woodmart_bg_position=&#8221;right-center&#8221; css=&#8221;.vc_custom_1525687315699{margin-bottom: 4vh !important;padding-right: 8% !important;padding-left: 8% !important;background-image: url(https:\/\/woodmart.xtemos.com\/wp-content\/uploads\/2018\/05\/book-quotes-svg.svg?id=19133) !important;background-position: 0 0 !important;background-repeat: no-repeat !important;}&#8221; offset=&#8221;vc_col-lg-7 vc_col-md-7&#8243;]\t\n\t\t\t<div id=\"wd-6011f3d48cedc\" class=\"woodmart-text-block-wrapper color-scheme-dark woodmart-title-size-custom woodmart-title-width-100 text-left vc_custom_1611789307354\">\n\t\t\t\t<div class=\"woodmart-title-container woodmart-text-block font-primary woodmart-font-weight-400\">\n\t\t\t\t\tLittle bright sides of Life. Since 1993.<\/p>\n<p>Made in Sweden. Naturally.\t\t\t\t<\/div>\n\t\t\t\t\t\n\t\t\t<\/div>\n\t\t\t\n\t\t\t<div id=\"wd-6011f400c2af1\" class=\"woodmart-text-block-wrapper color-scheme-dark woodmart-title-size-custom woodmart-title-width-100 text-left vc_custom_1611789460450\">\n\t\t\t\t<div class=\"woodmart-title-container woodmart-text-block font-primary woodmart-font-weight-400\">\n\t\t\t\t\tThings made thoroughly with passion are the ones we want to keep for close to ever. That&#8217;s sustainability for real.\t\t\t\t<\/div>\n\t\t\t\t\t\n\t\t\t<\/div>\n\t\t\t\n\t\t\t<div id=\"wd-6011f49bf119b\" class=\"woodmart-text-block-wrapper color-scheme- woodmart-title-size-custom woodmart-title-width-90 text-left vc_custom_1611790255982\">\n\t\t\t\t<div class=\"woodmart-title-container woodmart-text-block font-text woodmart-font-weight-400\">\n\t\t\t\t\tEverything in the Katarina Hamilton of Scandinavia collection is designed by Katarina Hamilton herself and manufactured in Sweden by craftsmen with handed down traditions and skills since many years. For every new product we discuss and develop procedures, qualities, tools. Our mutual concern for environmentally friendly materials, methods and tools is fundamental. We want every product to have a long and appreciated life, for looks, material and the feeling it brings forward in you.\t\t\t\t<\/div>\n\t\t\t\t\t\n\t\t\t<\/div>\n\t\t\t\n\t\t\t<div id=\"wd-6011f8932106a\" class=\"woodmart-text-block-wrapper color-scheme- woodmart-title-size-custom woodmart-title-width-90 text-left vc_custom_1611790548308\">\n\t\t\t\t<div class=\"woodmart-title-container woodmart-text-block font-text woodmart-font-weight-400\">\n\t\t\t\t\tThe brand &#8220;Katarina Hamilton of Scandinavia&#8221; is marketed and distributed by the Swedish company ARTEKIA, founded and owned by Katarina Hamilton.<\/p>\n<p>Company info:<\/p>\n<p>ARTEKIA<\/p>\n<p>Adress: Bj\u00f6rk\u00f6v\u00e4gen 3, 13771 Dalar\u00f6, SWEDEN<\/p>\n<p>Phone: +46 768703100<\/p>\n<p>VAT no: SE5710168203\t\t\t\t<\/div>\n\t\t\t\t\t\n\t\t\t<\/div>\n\t\t[\/vc_column][vc_column css=&#8221;.vc_custom_1525687309771{margin-bottom: 4vh !important;}&#8221; offset=&#8221;vc_col-lg-5 vc_col-md-5&#8243;][vc_single_image image=&#8221;40552&#8243; img_size=&#8221;full&#8221; alignment=&#8221;center&#8221; css=&#8221;.vc_custom_1612947880023{margin-bottom: 0px !important;}&#8221; parallax_scroll=&#8221;no&#8221;][\/vc_column][\/vc_row]<\/p>\n","protected":false},"excerpt":{"rendered":"<p>[vc_row content_placement=&#8221;middle&#8221; css=&#8221;.vc_custom_1535525027785{margin-bottom: 8vh !important;}&#8221;][vc_column woodmart_bg_position=&#8221;right-center&#8221; css=&#8221;.vc_custom_1525687315699{margin-bottom: 4vh !important;padding-right: 8% !important;padding-left: 8% !important;background-image: url(https:\/\/woodmart.xtemos.com\/wp-content\/uploads\/2018\/05\/book-quotes-svg.svg?id=19133) !important;background-position: 0 0 !important;background-repeat: no-repeat !important;}&#8221;<\/p>\n","protected":false},"author":12,"featured_media":0,"parent":0,"menu_order":0,"comment_status":"closed","ping_status":"closed","template":"","meta":{"_monsterinsights_skip_tracking":false,"_monsterinsights_sitenote_active":false,"_monsterinsights_sitenote_note":"","_monsterinsights_sitenote_category":0,"footnotes":""},"class_list":["post-1745","page","type-page","status-publish","hentry"],"_links":{"self":[{"href":"https:\/\/katarinahamilton.se\/en\/wp-json\/wp\/v2\/pages\/1745","targetHints":{"allow":["GET"]}}],"collection":[{"href":"https:\/\/katarinahamilton.se\/en\/wp-json\/wp\/v2\/pages"}],"about":[{"href":"https:\/\/katarinahamilton.se\/en\/wp-json\/wp\/v2\/types\/page"}],"author":[{"embeddable":true,"href":"https:\/\/katarinahamilton.se\/en\/wp-json\/wp\/v2\/users\/12"}],"replies":[{"embeddable":true,"href":"https:\/\/katarinahamilton.se\/en\/wp-json\/wp\/v2\/comments?post=1745"}],"version-history":[{"count":37,"href":"https:\/\/katarinahamilton.se\/en\/wp-json\/wp\/v2\/pages\/1745\/revisions"}],"predecessor-version":[{"id":370387,"href":"https:\/\/katarinahamilton.se\/en\/wp-json\/wp\/v2\/pages\/1745\/revisions\/370387"}],"wp:attachment":[{"href":"https:\/\/katarinahamilton.se\/en\/wp-json\/wp\/v2\/media?parent=1745"}],"curies":[{"name":"wp","href":"https:\/\/api.w.org\/{rel}","templated":true}]}}